{"id":949,"date":"2019-10-08T18:17:06","date_gmt":"2019-10-08T16:17:06","guid":{"rendered":"https:\/\/www.pfadfinder-selm.de\/?page_id=949"},"modified":"2026-01-11T17:08:53","modified_gmt":"2026-01-11T16:08:53","slug":"veranstaltungen-2","status":"publish","type":"page","link":"https:\/\/www.pfadfinder-selm.de\/index.php\/veranstaltungen-2\/","title":{"rendered":"Veranstaltungen"},"content":{"rendered":"\n<p><mark style=\"background-color:rgba(0, 0, 0, 0)\" class=\"has-inline-color has-vivid-red-color\"><strong>Kommende Veranstaltungen:<\/strong><\/mark><\/p>\n\n\n\n<p><strong>10.01.2026<\/strong><\/p>\n\n\n\n<p>Tannenbaumaktion: Wir holen alle Tannenb\u00e4ume im Ortsteil Selm ab.<\/p>\n\n\n\n<p><strong>16.01.2026<\/strong><\/p>\n\n\n\n<p>Bewirtung auf dem Neujahrsempfang im B\u00fcrgerhaus (Aktion f\u00fcr Pfadfinder, Rover und die Leiterrunde)<\/p>\n\n\n\n<p><strong>17.01.2026<\/strong><\/p>\n\n\n\n<p>Nachholaktion der liegen gebliebenen Tannenb\u00e4ume<\/p>\n\n\n\n<p><strong>31.01.2026<\/strong><\/p>\n\n\n\n<p>Infoveranstaltung f\u00fcr unser Sommerlager 2026 um 13 Uhr im Ludgerihaus<\/p>\n\n\n\n<p><strong>27.02.2026- 01.03.2026<\/strong><\/p>\n\n\n\n<p>SLK: Wochenende f\u00fcr die Jahresplanung f\u00fcr die Leiterrunde<\/p>\n\n\n\n<p><strong>21.03.2026<\/strong><\/p>\n\n\n\n<p>Stammestag. Aktion f\u00fcr den ganzen Stamm.<\/p>\n\n\n\n<p><\/p>\n","protected":false},"excerpt":{"rendered":"<p>Kommende Veranstaltungen: 10.01.2026 Tannenbaumaktion: Wir holen alle Tannenb\u00e4ume im Ortsteil Selm ab. 16.01.2026 Bewirtung auf dem Neujahrsempfang im B\u00fcrgerhaus (Aktion f\u00fcr Pfadfinder, Rover und die<span class=\"read-more-link\"><a class=\"read-more\" href=\"https:\/\/www.pfadfinder-selm.de\/index.php\/veranstaltungen-2\/\">Read More<\/a><\/span><\/p>\n","protected":false},"author":1,"featured_media":0,"parent":0,"menu_order":0,"comment_status":"closed","ping_status":"closed","template":"","meta":{"footnotes":""},"class_list":["post-949","page","type-page","status-publish","hentry"],"jetpack_shortlink":"https:\/\/wp.me\/P9OEzS-fj","jetpack_sharing_enabled":true,"_links":{"self":[{"href":"https:\/\/www.pfadfinder-selm.de\/index.php\/wp-json\/wp\/v2\/pages\/949","targetHints":{"allow":["GET"]}}],"collection":[{"href":"https:\/\/www.pfadfinder-selm.de\/index.php\/wp-json\/wp\/v2\/pages"}],"about":[{"href":"https:\/\/www.pfadfinder-selm.de\/index.php\/wp-json\/wp\/v2\/types\/page"}],"author":[{"embeddable":true,"href":"https:\/\/www.pfadfinder-selm.de\/index.php\/wp-json\/wp\/v2\/users\/1"}],"replies":[{"embeddable":true,"href":"https:\/\/www.pfadfinder-selm.de\/index.php\/wp-json\/wp\/v2\/comments?post=949"}],"version-history":[{"count":16,"href":"https:\/\/www.pfadfinder-selm.de\/index.php\/wp-json\/wp\/v2\/pages\/949\/revisions"}],"predecessor-version":[{"id":1884,"href":"https:\/\/www.pfadfinder-selm.de\/index.php\/wp-json\/wp\/v2\/pages\/949\/revisions\/1884"}],"wp:attachment":[{"href":"https:\/\/www.pfadfinder-selm.de\/index.php\/wp-json\/wp\/v2\/media?parent=949"}],"curies":[{"name":"wp","href":"https:\/\/api.w.org\/{rel}","templated":true}]}}