{"id":903,"date":"2019-09-24T00:52:06","date_gmt":"2019-09-23T22:52:06","guid":{"rendered":"https:\/\/www.pfadfinder-selm.de\/?page_id=903"},"modified":"2026-01-11T22:40:27","modified_gmt":"2026-01-11T21:40:27","slug":"warteliste","status":"publish","type":"page","link":"https:\/\/www.pfadfinder-selm.de\/index.php\/warteliste\/","title":{"rendered":"Warteliste"},"content":{"rendered":"\n<p>Wenn ihr euer Kind bei den Pfadfinder in Selm anmelden m\u00f6chtet, dann k\u00f6nnt ihr euch hier nun auf die Warteliste setzen. <\/p>\n\n\n\n<p>Bitte beachtet folgendes:<\/p>\n\n\n\n<ul class=\"wp-block-list\">\n<li>Wir nehmen erst Kinder ab dem 2. Schuljahr auf<\/li>\n\n\n\n<li>Es hat keine Vorteile, euer Kind schon eher (vor dem 2. Schuljahr) auf die Warteliste zu setzen<\/li>\n\n\n\n<li>Unsere Anfrage ist sehr hoch, also bitten wir um etwas Geduld. Wir er\u00f6ffnen schnellstm\u00f6glich neue Gruppen und laden bei bestehenden Gruppen schnellstm\u00f6glich neue Kinder ein.<\/li>\n<\/ul>\n\n\n\n<p>Daf\u00fcr gebt bitte zuerst die Kontaktdaten der Erziehungsberechtigten an.<\/p>\n\n\n\n<p>Auf der zweiten Seite ben\u00f6tigen wir dann ein paar Informationen zum Kind welches angemeldet werden soll. Dazu geh\u00f6ren der Name und das Geburtsdatum. Diese Angaben dienen uns dazu die Anfragen zu sortieren, damit wir den richtigen Platz f\u00fcr euer Kind finden.<\/p>\n\n\n\n<p>Auf der letzten Seite geht es noch um die Datenschutzerkl\u00e4rung, damit ihr wisst, was wir mit euren Informationen machen.<\/p>\n\n\n\n<div style=\"display:none\" class=\"fm-form-container fm-theme2\"><div id=\"fm-pages3\" class=\"fm-pages wdform_page_navigation fm-align-right\" show_title=\"true\" show_numbers=\"true\" type=\"steps\"><\/div><form name=\"form3\" action=\"\/index.php\/wp-json\/wp\/v2\/pages\/903\" method=\"post\" id=\"form3\" class=\"fm-form form3  \" enctype=\"multipart\/form-data\"><input type=\"hidden\" id=\"counter3\" value=\"13\" name=\"counter3\" \/><input type=\"hidden\" id=\"Itemid3\" value=\"\" name=\"Itemid3\" \/><input type=\"hidden\" id=\"fm_shake3\" value=\"1\" name=\"fm_shake3\" \/><input type=\"text\" class=\"fm-hide\" id=\"fm_empty_field_validation3\" value=\"\" name=\"fm_empty_field_validation3\" data-value=\"bd736efb144d599cf463541431fbf5c4\" \/><div class=\"wdform-page-and-images fm-form-builder\" style=\"border-width: 1px;\"><div id=\"3form_view1\" class=\"wdform_page\" page_title=\"Kontakt Erziehungsberechtigte\" next_title=\"N\u00e4chste Seite\" next_type=\"text\" next_class=\"wdform-page-button\" next_checkable=\"true\" previous_title=\"Vorherige Seite\" previous_type=\"text\" previous_class=\"wdform-page-button\" previous_checkable=\"false\"><div class=\"wdform_section\"><div class=\"wdform_column\"><div wdid=\"2\" class=\"wdform_row\"><div type=\"type_name\" class=\"wdform-field wd-width-100 wd-flex wd-flex-column fm-type_name\" ><div class=\"wdform-label-section wd-width-100  wd-flex-row\">    <label  for=\"wdform_2_element_first3\" class=\"wdform-label\">Name des Erziehungsberechtigten<\/label><span class=\"wdform-required\">*<\/span><\/div><div class=\"wdform-element-section wd-flex  wd-flex-row wd-width-100\" ><div class=\"wd-flex wd-flex-column wd-width-50\"><input type=\"text\" class=\"wd-width-100\" id=\"wdform_2_element_first3\" name=\"wdform_2_element_first3\" value=\"\" title=\"\" placeholder=\"\"  \/><label class=\"mini_label\" for=\"wdform_2_element_first3\">Vorname<\/label><\/div><div class=\"wd-flex wd-flex-column wd-name-separator\"><\/div><div class=\"wd-flex wd-flex-column wd-width-50\"><input type=\"text\" class=\"wd-width-100\" id=\"wdform_2_element_last3\" name=\"wdform_2_element_last3\" value=\"\" title=\"\" placeholder=\"\"  \/><label class=\"mini_label\" for=\"wdform_2_element_last3\">Nachname<\/label><\/div><\/div><\/div><\/div><\/div><div class=\"wdform_column\"><div wdid=\"3\" class=\"wdform_row\"><div type=\"type_submitter_mail\" class=\"wdform-field wd-width-100 wd-flex wd-flex-column fm-type_submitter_mail\" ><div class=\"wdform-label-section wd-width-100  wd-flex-row\">    <label  for=\"wdform_3_element3\" class=\"wdform-label\">Email<\/label><span class=\"wdform-required\">*<\/span><\/div><div class=\"wdform-element-section wd-flex  wd-flex-row wd-width-100\" ><input type=\"text\" class=\"wd-width-100\" id=\"wdform_3_element3\" name=\"wdform_3_element3\" value=\"\" title=\"\" placeholder=\"\"   onchange=\"wd_check_email('3', '3', 'Dies ist keine g\u00fcltige E-Mail-Adresse.')\" \/><\/div><\/div><\/div><\/div><div class=\"wdform_column\"><div wdid=\"4\" class=\"wdform_row\" style=\"position: relative; left: 0px; top: 0px;\"><div type=\"type_phone_new\" class=\"wdform-field wd-width-100 wd-flex wd-flex-column fm-type_phone_new\" ><div class=\"wdform-label-section wd-width-100 \">    <label  for=\"wdform_4_element3\" class=\"wdform-label\">Telefon<\/label><span class=\"wdform-required\">*<\/span><\/div><div class=\"wdform-element-section wd-flex  wd-width-100\" ><input type=\"text\"                       class=\"wd-width-100\"                       id=\"wdform_4_element3\"                       name=\"wdform_4_element3\"                       value=\"\"                       placeholder=\"\"  \/><\/div><\/div><\/div><\/div><\/div><div valign=\"top\" class=\"wdform_footer wd-width-100\"><div class=\"wd-width-100\"><div class=\"wd-width-100 wd-table\" style=\"padding-top:10px;\"><div class=\"wd-table-group\"><div id=\"3page_nav1\" class=\"wd-table-row\"><div valign=\"middle\" align=\"left\" style=\"display: inline-block; width: 40%;\"><\/div><div id=\"page_numbers31\" valign=\"middle\" align=\"center\" style=\"display: inline-block; width: 20%;\"><span class=\"page_numbers3\">1\/3<\/span><\/div><div valign=\"middle\" align=\"right\" style=\"display: inline-block; width: 40%;\"><span id=\"page_next_1\" class=\"wdform-page-button\" style=\"cursor: pointer;\">N\u00e4chste Seite<\/span><\/div><\/div><\/div><\/div><\/div><\/div><\/div><\/div><div class=\"wdform-page-and-images fm-form-builder\" style=\"border-width: 1px;\"><div id=\"3form_view2\" page_title=\"Information Kind\" class=\"wdform_page\" next_title=\"N\u00e4chste Seite\" next_type=\"text\" next_class=\"wdform-page-button\" next_checkable=\"true\" previous_title=\"Vorherige Seite\" previous_type=\"text\" previous_class=\"wdform-page-button\" previous_checkable=\"false\"><div class=\"wdform_section\"><div class=\"wdform_column\"><div wdid=\"5\" class=\"wdform_row\"><div type=\"type_name\" class=\"wdform-field wd-width-100 wd-flex wd-flex-column fm-type_name\" ><div class=\"wdform-label-section wd-width-100  wd-flex-row\">    <label  for=\"wdform_5_element_first3\" class=\"wdform-label\">Name des Kindes<\/label><span class=\"wdform-required\">*<\/span><\/div><div class=\"wdform-element-section wd-flex  wd-flex-row wd-width-100\" ><div class=\"wd-flex wd-flex-column wd-width-50\"><input type=\"text\" class=\"wd-width-100\" id=\"wdform_5_element_first3\" name=\"wdform_5_element_first3\" value=\"\" title=\"\" placeholder=\"\"  \/><label class=\"mini_label\" for=\"wdform_5_element_first3\">Vorname<\/label><\/div><div class=\"wd-flex wd-flex-column wd-name-separator\"><\/div><div class=\"wd-flex wd-flex-column wd-width-50\"><input type=\"text\" class=\"wd-width-100\" id=\"wdform_5_element_last3\" name=\"wdform_5_element_last3\" value=\"\" title=\"\" placeholder=\"\"  \/><label class=\"mini_label\" for=\"wdform_5_element_last3\">Nachname<\/label><\/div><\/div><\/div><\/div><\/div><div class=\"wdform_column\"><div wdid=\"6\" class=\"wdform_row\" style=\"position: relative; left: 0px; top: 0px;\"><div type=\"type_date_fields\" class=\"wdform-field wd-width-100 wd-flex wd-flex-column fm-type_date_fields\" ><div class=\"wdform-label-section wd-width-100 wdform_date_fields wd-flex-row\">    <label  for=\"wdform_6_day3\" class=\"wdform-label\">Geburtsdatum<\/label><span class=\"wdform-required\">*<\/span><\/div><div class=\"wdform-element-section wd-flex wdform_date_fields wd-flex-row wd-width-100\" ><div class=\"wd-flex wd-flex-row wd-width-100 wd-align-items\"><div class=\"wd-flex wd-flex-column\"><select id=\"wdform_6_day3\" name=\"wdform_6_day3\" class=\"wdform_select_day\" style=\"width: 60px;\" ><option value=\"\"><\/option><option value=\"01\" >01<\/option><option value=\"02\" >02<\/option><option value=\"03\" >03<\/option><option value=\"04\" >04<\/option><option value=\"05\" >05<\/option><option value=\"06\" >06<\/option><option value=\"07\" >07<\/option><option value=\"08\" >08<\/option><option value=\"09\" >09<\/option><option value=\"10\" >10<\/option><option value=\"11\" >11<\/option><option value=\"12\" >12<\/option><option value=\"13\" >13<\/option><option value=\"14\" >14<\/option><option value=\"15\" >15<\/option><option value=\"16\" >16<\/option><option value=\"17\" >17<\/option><option value=\"18\" >18<\/option><option value=\"19\" >19<\/option><option value=\"20\" >20<\/option><option value=\"21\" >21<\/option><option value=\"22\" >22<\/option><option value=\"23\" >23<\/option><option value=\"24\" >24<\/option><option value=\"25\" >25<\/option><option value=\"26\" >26<\/option><option value=\"27\" >27<\/option><option value=\"28\" >28<\/option><option value=\"29\" >29<\/option><option value=\"30\" >30<\/option><option value=\"31\" >31<\/option><\/select><label for=\"wdform_6_day3\" class=\"mini_label\">Tag<\/label><\/div><span class=\"wdform_separator\">\/<\/span><div class=\"wd-flex wd-flex-column\"><select id=\"wdform_6_month3\" name=\"wdform_6_month3\" class=\"wdform_select_month\" style=\"width: 100px;\" ><option value=\"\"><\/option><option value=\"01\"   >Januar<\/option><option value=\"02\" >Februar<\/option><option value=\"03\" >M\u00e4rz<\/option><option value=\"04\"  >April<\/option><option value=\"05\"  >Mai<\/option><option value=\"06\"  >Juni<\/option><option value=\"07\"  >Juli<\/option><option value=\"08\"  >August<\/option><option value=\"09\"  >September<\/option><option value=\"10\"  >Oktober<\/option><option value=\"11\" >November<\/option><option value=\"12\"  >Dezember<\/option><\/select><label for=\"wdform_6_month3\" class=\"mini_label\">Monat<\/label><\/div><span class=\"wdform_separator\">\/<\/span><div class=\"wd-flex wd-flex-column\"><select id=\"wdform_6_year3\" name=\"wdform_6_year3\"  from=\"2000\" to=\"2019\" class=\"wdform_select_year\" style=\"width: 80px;\" ><option value=\"\"><\/option><option value=\"2019\" >2019<\/option><option value=\"2018\" >2018<\/option><option value=\"2017\" >2017<\/option><option value=\"2016\" >2016<\/option><option value=\"2015\" >2015<\/option><option value=\"2014\" >2014<\/option><option value=\"2013\" >2013<\/option><option value=\"2012\" >2012<\/option><option value=\"2011\" >2011<\/option><option value=\"2010\" >2010<\/option><option value=\"2009\" >2009<\/option><option value=\"2008\" >2008<\/option><option value=\"2007\" >2007<\/option><option value=\"2006\" >2006<\/option><option value=\"2005\" >2005<\/option><option value=\"2004\" >2004<\/option><option value=\"2003\" >2003<\/option><option value=\"2002\" >2002<\/option><option value=\"2001\" >2001<\/option><option value=\"2000\" >2000<\/option><\/select><label for=\"wdform_6_year3\" class=\"mini_label\">Jahr<\/label><\/div><\/div><\/div><\/div><\/div><div wdid=\"10\" class=\"wdform_row\" style=\"position: relative; left: 0px; top: 0px;\"><div type=\"type_spinner\" class=\"wdform-field wd-width-100 wd-flex wd-flex-column fm-type_spinner\" ><div class=\"wdform-label-section wd-width-100  wd-flex-row\">    <label  for=\"wdform_10_element3\" class=\"wdform-label\">Aktuell besuchte Klasse<\/label><span class=\"wdform-required\">*<\/span><\/div><div class=\"wdform-element-section wd-flex  wd-flex-row wd-width-100\" ><input                            name=\"wdform_10_element3\"                            id=\"wdform_10_element3\"                            class=\"wd-type-number\"                            onkeyup=\"wd_validate(this)\"                            data-valid-type=\"number\"                            data-form-id=\"3\"                            data-wdid=\"10\"                            style=\"width: 60px;\"                            value=\"1\"                             \/><\/div><\/div><\/div><\/div><\/div><div valign=\"top\" class=\"wdform_footer\" style=\"width: 100%;\"><div style=\"width: 100%;\"><div style=\"width: 100%; display: table;\"><div style=\"display: table-row-group;\"><div id=\"3page_nav2\" style=\"display: table-row;\"><div valign=\"middle\" align=\"left\" style=\"display: inline-block; width: 40%;\"><span id=\"page_previous_2\" class=\"wdform-page-button\" style=\"cursor: pointer;\">Vorherige Seite<\/span><\/div><div id=\"page_numbers32\" valign=\"middle\" align=\"center\" style=\"display: inline-block; width: 20%;\"><span class=\"page_numbers3\">2\/3<\/span><\/div><div valign=\"middle\" align=\"right\" style=\"display: inline-block; width: 40%;\"><span id=\"page_next_2\" class=\"wdform-page-button\" style=\"cursor: pointer;\">N\u00e4chste Seite<\/span><\/div><\/div><\/div><\/div><\/div><\/div><\/div><\/div><div class=\"wdform-page-and-images fm-form-builder\" style=\"border-width: 1px;\"><div id=\"3form_view3\" page_title=\"Datenschutzerkl\u00e4rung\" class=\"wdform_page\" next_title=\"N\u00e4chste Seite\" next_type=\"text\" next_class=\"wdform-page-button\" next_checkable=\"true\" previous_title=\"Vorherige Seite\" previous_type=\"text\" previous_class=\"wdform-page-button\" previous_checkable=\"false\"><div class=\"wdform_section\"><div class=\"wdform_column\"><div wdid=\"11\" class=\"wdform_row\" style=\"position: relative; left: 0px; top: 0px;\"><div type=\"type_editor\" class=\"wdform-field\"><p><strong>Hier die <span style=\"text-decoration: underline;\" data-mce-style=\"text-decoration: underline;\"><a href=\"https:\/\/www.pfadfinder-selm.de\/index.php\/datenschutzerklaerung\/\" target=\"_blank\" rel=\"noopener\" data-mce-href=\"https:\/\/www.pfadfinder-selm.de\/index.php\/datenschutzerklaerung\/\">Datenschutzerkl\u00e4rung<\/a><\/span> zum nachlesen.<\/strong><\/p><\/div><\/div><\/div><div class=\"wdform_column\"><div wdid=\"9\" class=\"wdform_row\" style=\"position: relative; left: 0px; top: 0px;\"><div type=\"type_radio\" class=\"wdform-field wd-width-100 wd-flex wd-flex-column fm-type_radio\" ><div class=\"wdform-label-section wd-width-100  wd-flex-wrap wd-flex-column\">    <label  class=\"wdform-label\">Datenschutzerkl\u00e4rung<\/label><span class=\"wdform-required\">*<\/span><\/div><div class=\"wdform-element-section wd-flex  wd-flex-wrap wd-flex-column wd-width-100\" ><div class=\"wd-flex wd-flex-column\"><input type=\"hidden\" name=\"wdform_9_element3\" value=\"\" \/><div class=\"radio-div wd-choice wd-flex wd-flex-row\"><input type=\"radio\"  id=\"wdform_9_element30\" name=\"wdform_9_element3\" value=\"Hiermit akzeptiere ich die Bedingungen der Datenschutzerkl\u00e4rung der Pfadfinder Selm\" onclick=\"set_default(&quot;wdform_9&quot;,&quot;0&quot;,&quot;3&quot;); \"   \/><label class=\"wd-align-items-center wd-flex wd-flex-row\" for=\"wdform_9_element30\"><span><\/span>Hiermit akzeptiere ich die Bedingungen der Datenschutzerkl\u00e4rung der Pfadfinder Selm<\/label><\/div><\/div><\/div><\/div><\/div><\/div><div class=\"wdform_column\"><div wdid=\"1\" class=\"wdform_row\" style=\"position: relative; left: 0px; top: 0px;\"><div type=\"type_submit_reset\" class=\"wdform-field wd-width-100 wd-flex wd-flex-column fm-type_submit_reset\" ><div class=\"wdform-element-section wd-flex  wd-flex-row wd-justify-content-left wd-width-100\" ><button  type=\"button\" class=\"button-submit\" onclick=\"fm_submit_form('3');\"  data-ajax=\"0\"><span class=\"fm-submit-loading spinner fm-ico-spinner\"><\/span>Senden<\/button><button  type=\"button\" class=\"button-reset wd-hidden\" onclick=\"fm_reset_form(3);\" >Reset<\/button><\/div><\/div><\/div><\/div><\/div><div valign=\"top\" class=\"wdform_footer\" style=\"width: 100%;\"><div style=\"width: 100%;\"><div style=\"width: 100%; display: table;\"><div style=\"display: table-row-group;\"><div id=\"3page_nav3\" style=\"display: table-row;\"><div valign=\"middle\" align=\"left\" style=\"display: inline-block; width: 40%;\"><span id=\"page_previous_3\" class=\"wdform-page-button\" style=\"cursor: pointer;\">Vorherige Seite<\/span><\/div><div id=\"page_numbers33\" valign=\"middle\" align=\"center\" style=\"display: inline-block; width: 20%;\"><span class=\"page_numbers3\">3\/3<\/span><\/div><div valign=\"middle\" align=\"right\" style=\"display: inline-block; width: 40%;\"><span id=\"page_next_3\" class=\"wdform-page-button\" style=\"cursor: pointer;\">N\u00e4chste Seite<\/span><\/div><\/div><\/div><\/div><\/div><\/div><\/div><\/div><div class=\"wdform_preload\"><\/div><\/form><\/div>\n","protected":false},"excerpt":{"rendered":"<p>Wenn ihr euer Kind bei den Pfadfinder in Selm anmelden m\u00f6chtet, dann k\u00f6nnt ihr euch hier nun auf die Warteliste setzen. Bitte beachtet folgendes: Daf\u00fcr<span class=\"read-more-link\"><a class=\"read-more\" href=\"https:\/\/www.pfadfinder-selm.de\/index.php\/warteliste\/\">Read More<\/a><\/span><\/p>\n","protected":false},"author":1,"featured_media":0,"parent":0,"menu_order":0,"comment_status":"closed","ping_status":"closed","template":"","meta":{"jetpack_post_was_ever_published":false,"footnotes":""},"class_list":["post-903","page","type-page","status-publish","hentry"],"jetpack_shortlink":"https:\/\/wp.me\/P9OEzS-ez","jetpack_sharing_enabled":true,"_links":{"self":[{"href":"https:\/\/www.pfadfinder-selm.de\/index.php\/wp-json\/wp\/v2\/pages\/903","targetHints":{"allow":["GET"]}}],"collection":[{"href":"https:\/\/www.pfadfinder-selm.de\/index.php\/wp-json\/wp\/v2\/pages"}],"about":[{"href":"https:\/\/www.pfadfinder-selm.de\/index.php\/wp-json\/wp\/v2\/types\/page"}],"author":[{"embeddable":true,"href":"https:\/\/www.pfadfinder-selm.de\/index.php\/wp-json\/wp\/v2\/users\/1"}],"replies":[{"embeddable":true,"href":"https:\/\/www.pfadfinder-selm.de\/index.php\/wp-json\/wp\/v2\/comments?post=903"}],"version-history":[{"count":7,"href":"https:\/\/www.pfadfinder-selm.de\/index.php\/wp-json\/wp\/v2\/pages\/903\/revisions"}],"predecessor-version":[{"id":1894,"href":"https:\/\/www.pfadfinder-selm.de\/index.php\/wp-json\/wp\/v2\/pages\/903\/revisions\/1894"}],"wp:attachment":[{"href":"https:\/\/www.pfadfinder-selm.de\/index.php\/wp-json\/wp\/v2\/media?parent=903"}],"curies":[{"name":"wp","href":"https:\/\/api.w.org\/{rel}","templated":true}]}}