{"id":889,"date":"2019-09-13T18:25:20","date_gmt":"2019-09-13T16:25:20","guid":{"rendered":"https:\/\/www.pfadfinder-selm.de\/?page_id=889"},"modified":"2026-01-11T18:05:37","modified_gmt":"2026-01-11T17:05:37","slug":"ottcas","status":"publish","type":"page","link":"https:\/\/www.pfadfinder-selm.de\/index.php\/stamm-selm\/gruppen\/ottcas\/","title":{"rendered":"Otter &#038; Orcas"},"content":{"rendered":"\n<div class=\"wp-block-media-text is-stacked-on-mobile is-style-rectangular\"><figure class=\"wp-block-media-text__media\"><img data-recalc-dims=\"1\" loading=\"lazy\" decoding=\"async\" width=\"150\" height=\"150\" data-attachment-id=\"376\" data-permalink=\"https:\/\/www.pfadfinder-selm.de\/index.php\/stamm-selm\/die-leiterrunde\/meuterei2008-ohne\/\" data-orig-file=\"https:\/\/i0.wp.com\/www.pfadfinder-selm.de\/wp-content\/uploads\/2018\/04\/woelfi.jpg?fit=1181%2C1175&amp;ssl=1\" data-orig-size=\"1181,1175\" data-comments-opened=\"1\" data-image-meta=\"{&quot;aperture&quot;:&quot;0&quot;,&quot;credit&quot;:&quot;&quot;,&quot;camera&quot;:&quot;&quot;,&quot;caption&quot;:&quot;&quot;,&quot;created_timestamp&quot;:&quot;0&quot;,&quot;copyright&quot;:&quot;&quot;,&quot;focal_length&quot;:&quot;0&quot;,&quot;iso&quot;:&quot;0&quot;,&quot;shutter_speed&quot;:&quot;0&quot;,&quot;title&quot;:&quot;MEUTErei2008 ohne&quot;,&quot;orientation&quot;:&quot;1&quot;}\" data-image-title=\"MEUTErei2008 ohne\" data-image-description=\"\" data-image-caption=\"\" data-large-file=\"https:\/\/i0.wp.com\/www.pfadfinder-selm.de\/wp-content\/uploads\/2018\/04\/woelfi.jpg?fit=1024%2C1019&amp;ssl=1\" src=\"https:\/\/i0.wp.com\/www.pfadfinder-selm.de\/wp-content\/uploads\/2018\/04\/woelfi.jpg?resize=150%2C150&#038;ssl=1\" alt=\"\" class=\"wp-image-376 size-full\"\/><\/figure><div class=\"wp-block-media-text__content\">\n<p>Wir, die Otter und Orca, sind eine fr\u00f6hliche Gruppe von rund 20 M\u00e4dchen und Jungen im Alter von 10 bis 12 Jahren. Jeden Dienstag von 17:30 bis 19:00 Uhr treffen wir uns am FindUs.<\/p>\n<\/div><\/div>\n\n\n\n<p><br>Unsere Leiter*innen Ben, Carina, Leon, Mika und Frieda sorgen f\u00fcr spannende und abwechslungsreiche Sippenstunden. Am liebsten sind wir jedoch drau\u00dfen im Wald unterwegs, wo wir gemeinsam Teamspiele spielen oder wir machen Stockbrot und Marshmallows \u00fcberm Lagerfeuer. Wenn das Wetter einmal nicht mitspielt, verbringen wir die Gruppenstunde drinnen, dann spielen wir am liebsten Werwolf oder GagaBall.<\/p>\n\n\n\n<p><strong>Du hast Interesse an der Pfadfinderei?<\/strong><br>Unter dem Reiter Warteliste auf der Homepage kannst du dich auf die Warteliste setzen lassen und wir melden uns bei dir, sobald ein Platz frei wird. <\/p>\n\n\n\n<p><\/p>\n","protected":false},"excerpt":{"rendered":"<p>Wir, die Otter und Orca, sind eine fr\u00f6hliche Gruppe von rund 20 M\u00e4dchen und Jungen im Alter von 10 bis 12 Jahren. Jeden Dienstag von<span class=\"read-more-link\"><a class=\"read-more\" href=\"https:\/\/www.pfadfinder-selm.de\/index.php\/stamm-selm\/gruppen\/ottcas\/\">Read More<\/a><\/span><\/p>\n","protected":false},"author":1,"featured_media":0,"parent":8,"menu_order":3,"comment_status":"closed","ping_status":"closed","template":"","meta":{"footnotes":""},"class_list":["post-889","page","type-page","status-publish","hentry"],"jetpack_shortlink":"https:\/\/wp.me\/P9OEzS-el","jetpack_sharing_enabled":true,"_links":{"self":[{"href":"https:\/\/www.pfadfinder-selm.de\/index.php\/wp-json\/wp\/v2\/pages\/889","targetHints":{"allow":["GET"]}}],"collection":[{"href":"https:\/\/www.pfadfinder-selm.de\/index.php\/wp-json\/wp\/v2\/pages"}],"about":[{"href":"https:\/\/www.pfadfinder-selm.de\/index.php\/wp-json\/wp\/v2\/types\/page"}],"author":[{"embeddable":true,"href":"https:\/\/www.pfadfinder-selm.de\/index.php\/wp-json\/wp\/v2\/users\/1"}],"replies":[{"embeddable":true,"href":"https:\/\/www.pfadfinder-selm.de\/index.php\/wp-json\/wp\/v2\/comments?post=889"}],"version-history":[{"count":32,"href":"https:\/\/www.pfadfinder-selm.de\/index.php\/wp-json\/wp\/v2\/pages\/889\/revisions"}],"predecessor-version":[{"id":1876,"href":"https:\/\/www.pfadfinder-selm.de\/index.php\/wp-json\/wp\/v2\/pages\/889\/revisions\/1876"}],"up":[{"embeddable":true,"href":"https:\/\/www.pfadfinder-selm.de\/index.php\/wp-json\/wp\/v2\/pages\/8"}],"wp:attachment":[{"href":"https:\/\/www.pfadfinder-selm.de\/index.php\/wp-json\/wp\/v2\/media?parent=889"}],"curies":[{"name":"wp","href":"https:\/\/api.w.org\/{rel}","templated":true}]}}