{"id":8,"date":"2018-04-04T19:11:32","date_gmt":"2018-04-04T17:11:32","guid":{"rendered":"http:\/\/www.pfadfinder-selm.de\/relaunch2018\/?page_id=8"},"modified":"2026-01-11T17:58:01","modified_gmt":"2026-01-11T16:58:01","slug":"gruppen","status":"publish","type":"page","link":"https:\/\/www.pfadfinder-selm.de\/index.php\/stamm-selm\/gruppen\/","title":{"rendered":"Gruppen"},"content":{"rendered":"<p>Auf diesen Seiten m\u00f6chten wir euch unsere Gruppen etwas n\u00e4her bringen.<\/p>\n<p>Ihr findet hier Informationen \u00fcber die Jahrg\u00e4nge und die Leiter, sowie die Zeiten der Gruppenstunden.<\/p>\n","protected":false},"excerpt":{"rendered":"<p>Auf diesen Seiten m\u00f6chten wir euch unsere Gruppen etwas n\u00e4her bringen. Ihr findet hier Informationen \u00fcber die Jahrg\u00e4nge und die Leiter, sowie die Zeiten der<span class=\"read-more-link\"><a class=\"read-more\" href=\"https:\/\/www.pfadfinder-selm.de\/index.php\/stamm-selm\/gruppen\/\">Read More<\/a><\/span><\/p>\n","protected":false},"author":1,"featured_media":0,"parent":6,"menu_order":2,"comment_status":"closed","ping_status":"closed","template":"","meta":{"footnotes":""},"class_list":["post-8","page","type-page","status-publish","hentry"],"jetpack_shortlink":"https:\/\/wp.me\/P9OEzS-8","jetpack_sharing_enabled":true,"_links":{"self":[{"href":"https:\/\/www.pfadfinder-selm.de\/index.php\/wp-json\/wp\/v2\/pages\/8","targetHints":{"allow":["GET"]}}],"collection":[{"href":"https:\/\/www.pfadfinder-selm.de\/index.php\/wp-json\/wp\/v2\/pages"}],"about":[{"href":"https:\/\/www.pfadfinder-selm.de\/index.php\/wp-json\/wp\/v2\/types\/page"}],"author":[{"embeddable":true,"href":"https:\/\/www.pfadfinder-selm.de\/index.php\/wp-json\/wp\/v2\/users\/1"}],"replies":[{"embeddable":true,"href":"https:\/\/www.pfadfinder-selm.de\/index.php\/wp-json\/wp\/v2\/comments?post=8"}],"version-history":[{"count":2,"href":"https:\/\/www.pfadfinder-selm.de\/index.php\/wp-json\/wp\/v2\/pages\/8\/revisions"}],"predecessor-version":[{"id":556,"href":"https:\/\/www.pfadfinder-selm.de\/index.php\/wp-json\/wp\/v2\/pages\/8\/revisions\/556"}],"up":[{"embeddable":true,"href":"https:\/\/www.pfadfinder-selm.de\/index.php\/wp-json\/wp\/v2\/pages\/6"}],"wp:attachment":[{"href":"https:\/\/www.pfadfinder-selm.de\/index.php\/wp-json\/wp\/v2\/media?parent=8"}],"curies":[{"name":"wp","href":"https:\/\/api.w.org\/{rel}","templated":true}]}}