{"id":799,"date":"2019-05-09T09:41:31","date_gmt":"2019-05-09T07:41:31","guid":{"rendered":"https:\/\/www.pfadfinder-selm.de\/?page_id=799"},"modified":"2026-01-11T18:05:10","modified_gmt":"2026-01-11T17:05:10","slug":"skorpion-capybaras","status":"publish","type":"page","link":"https:\/\/www.pfadfinder-selm.de\/index.php\/stamm-selm\/gruppen\/skorpion-capybaras\/","title":{"rendered":"Skorpion &#038; Capybaras"},"content":{"rendered":"\n<p>Hallo zusammen!<\/p>\n\n\n\n<div class=\"wp-block-media-text is-stacked-on-mobile is-style-rectangular\"><figure class=\"wp-block-media-text__media\"><img data-recalc-dims=\"1\" loading=\"lazy\" decoding=\"async\" width=\"150\" height=\"150\" data-attachment-id=\"376\" data-permalink=\"https:\/\/www.pfadfinder-selm.de\/index.php\/stamm-selm\/die-leiterrunde\/meuterei2008-ohne\/\" data-orig-file=\"https:\/\/i0.wp.com\/www.pfadfinder-selm.de\/wp-content\/uploads\/2018\/04\/woelfi.jpg?fit=1181%2C1175&amp;ssl=1\" data-orig-size=\"1181,1175\" data-comments-opened=\"1\" data-image-meta=\"{&quot;aperture&quot;:&quot;0&quot;,&quot;credit&quot;:&quot;&quot;,&quot;camera&quot;:&quot;&quot;,&quot;caption&quot;:&quot;&quot;,&quot;created_timestamp&quot;:&quot;0&quot;,&quot;copyright&quot;:&quot;&quot;,&quot;focal_length&quot;:&quot;0&quot;,&quot;iso&quot;:&quot;0&quot;,&quot;shutter_speed&quot;:&quot;0&quot;,&quot;title&quot;:&quot;MEUTErei2008 ohne&quot;,&quot;orientation&quot;:&quot;1&quot;}\" data-image-title=\"MEUTErei2008 ohne\" data-image-description=\"\" data-image-caption=\"\" data-large-file=\"https:\/\/i0.wp.com\/www.pfadfinder-selm.de\/wp-content\/uploads\/2018\/04\/woelfi.jpg?fit=1024%2C1019&amp;ssl=1\" src=\"https:\/\/i0.wp.com\/www.pfadfinder-selm.de\/wp-content\/uploads\/2018\/04\/woelfi.jpg?resize=150%2C150&#038;ssl=1\" alt=\"\" class=\"wp-image-376 size-full\"\/><\/figure><div class=\"wp-block-media-text__content\">\n<p>Wir sind eine neue Sippe und haben uns im Herbst 2025 gegr\u00fcndet. Wir sind ca. 20 Kinder im Alter von 8-9 Jahren. Unser Sippennamen setzt sich zusammen aus den Skorpionen, die Jungs und den Capybaras, den M\u00e4dchen.<br>Wir treffen uns jeden Mittwoch von 17:30 Uhr Uhr bis 19:00 Uhr im FindUs in Selm.<\/p>\n<\/div><\/div>\n\n\n\n<p><br><br>Wir werden von insgesamt 4 Leiter*innen geleitet: Jonas Meurer, Hannah Bauer, Vincent Sch\u00e4fer und Eve Siemerling, die mit uns viele verschieden Spiele, sowohl drau\u00dfen als auch drinnen, spielen.<\/p>\n\n\n\n<p>F\u00fcr das Jahr 2026 haben wir folgende Aktionen geplant: Wir machen einen Messerf\u00fchrerschein, unser 1. Sippenlager, k\u00f6nnen in unser 1. Sommerlager fahren und vieles mehr!<\/p>\n\n\n\n<p><strong>Du hast Interesse an der Pfadfinderei?<\/strong><br>Unter dem Reiter Warteliste auf der Homepage kannst du dich auf die Warteliste setzen lassen und ein Leiter wird sich mit dir in Verbindung setzen, sobald Kapazit\u00e4ten in der entsprechenden Sippe verf\u00fcgbar sind.<\/p>\n\n\n\n<p><\/p>\n","protected":false},"excerpt":{"rendered":"<p>Hallo zusammen! Wir sind eine neue Sippe und haben uns im Herbst 2025 gegr\u00fcndet. Wir sind ca. 20 Kinder im Alter von 8-9 Jahren. Unser<span class=\"read-more-link\"><a class=\"read-more\" href=\"https:\/\/www.pfadfinder-selm.de\/index.php\/stamm-selm\/gruppen\/skorpion-capybaras\/\">Read More<\/a><\/span><\/p>\n","protected":false},"author":1,"featured_media":0,"parent":8,"menu_order":1,"comment_status":"closed","ping_status":"closed","template":"","meta":{"jetpack_post_was_ever_published":false,"footnotes":""},"class_list":["post-799","page","type-page","status-publish","hentry"],"jetpack_shortlink":"https:\/\/wp.me\/P9OEzS-cT","jetpack_sharing_enabled":true,"_links":{"self":[{"href":"https:\/\/www.pfadfinder-selm.de\/index.php\/wp-json\/wp\/v2\/pages\/799","targetHints":{"allow":["GET"]}}],"collection":[{"href":"https:\/\/www.pfadfinder-selm.de\/index.php\/wp-json\/wp\/v2\/pages"}],"about":[{"href":"https:\/\/www.pfadfinder-selm.de\/index.php\/wp-json\/wp\/v2\/types\/page"}],"author":[{"embeddable":true,"href":"https:\/\/www.pfadfinder-selm.de\/index.php\/wp-json\/wp\/v2\/users\/1"}],"replies":[{"embeddable":true,"href":"https:\/\/www.pfadfinder-selm.de\/index.php\/wp-json\/wp\/v2\/comments?post=799"}],"version-history":[{"count":20,"href":"https:\/\/www.pfadfinder-selm.de\/index.php\/wp-json\/wp\/v2\/pages\/799\/revisions"}],"predecessor-version":[{"id":1891,"href":"https:\/\/www.pfadfinder-selm.de\/index.php\/wp-json\/wp\/v2\/pages\/799\/revisions\/1891"}],"up":[{"embeddable":true,"href":"https:\/\/www.pfadfinder-selm.de\/index.php\/wp-json\/wp\/v2\/pages\/8"}],"wp:attachment":[{"href":"https:\/\/www.pfadfinder-selm.de\/index.php\/wp-json\/wp\/v2\/media?parent=799"}],"curies":[{"name":"wp","href":"https:\/\/api.w.org\/{rel}","templated":true}]}}