{"id":60,"date":"2018-04-04T21:00:37","date_gmt":"2018-04-04T19:00:37","guid":{"rendered":"http:\/\/www.pfadfinder-selm.de\/relaunch2018\/?page_id=60"},"modified":"2026-01-11T17:58:14","modified_gmt":"2026-01-11T16:58:14","slug":"chronik","status":"publish","type":"page","link":"https:\/\/www.pfadfinder-selm.de\/index.php\/stamm-selm\/chronik\/","title":{"rendered":"Chronik"},"content":{"rendered":"\n<ul class=\"wp-block-list\">\n<li><strong>1951<\/strong>\n<ul class=\"wp-block-list\">\n<li>Erstgr\u00fcndung Stamm Selm St. Josef durch Herrmann Br\u00fcndermann<\/li>\n<\/ul>\n<\/li>\n\n\n\n<li><strong>1973<\/strong>\n<ul class=\"wp-block-list\">\n<li>trat Kaplan Ludwig Bringemeier\u2020 seinen Dienst in der Pfarrgemeinde St. Josef an und wurde schon bald von einigen Alt-Pfadfindern best\u00fcrmt, die Pfadfinder in Selm wieder zu aktivieren. Mit Pfadfindern hatte Kaplan Bringemeier bis dahin zwar nix am Hut, aber seine Vorstellung, eine Gemeinschaft zu gr\u00fcnden, in der junge Menschen Lebenshilfe in den Anforderungen der Zeit finden k\u00f6nnten, gepaart mit sinnvoller Freizeitbesch\u00e4ftigung, sah er seinerzeit am ehesten im DPSG-Programm verankert.<\/li>\n<\/ul>\n<\/li>\n\n\n\n<li><strong>1975<\/strong>\n<ul class=\"wp-block-list\">\n<li>Erste Gespr\u00e4chsrunde mit Kaplan Bringemeier wegen der Neugr\u00fcndung<\/li>\n\n\n\n<li>hatte Kaplan Bringemeier dann eine geeignete Gr\u00fcndungstruppe zusammengestellt<\/li>\n<\/ul>\n<\/li>\n\n\n\n<li><strong>1976&nbsp;<\/strong>\n<ul class=\"wp-block-list\">\n<li>Vorbereitung und Neubeginn<\/li>\n<\/ul>\n<\/li>\n\n\n\n<li><strong>1977<\/strong>\n<ul class=\"wp-block-list\">\n<li>Stammesgr\u00fcndung, Vorstandswahlen, ca. 50. Mitglieder, 3 Zelte aus altem Bestand<\/li>\n<\/ul>\n<\/li>\n\n\n\n<li><strong>1978<\/strong>\n<ul class=\"wp-block-list\">\n<li>Erstes Sommerlager in Ibbenb\u00fcren, 62 Teilnehmer, keine W\u00f6lflinge<\/li>\n<\/ul>\n<\/li>\n\n\n\n<li><strong>1979<\/strong>\n<ul class=\"wp-block-list\">\n<li>Kellerrenovierung, erste gr\u00f6\u00dfere Materialbeschaffung<\/li>\n\n\n\n<li>Pfingst- und Sommerlager Nordhorn (61 Teilnehmer, keine W\u00f6lflinge)<\/li>\n\n\n\n<li>Teilnahme 50 Jahre DPSG in M\u00fcnster<\/li>\n<\/ul>\n<\/li>\n\n\n\n<li><strong>1980<\/strong>\n<ul class=\"wp-block-list\">\n<li>Pfingstlager des Bezirks in Davensberg<\/li>\n\n\n\n<li>Sommerlager Forstau\/\u00d6sterreich (keine W\u00f6lflinge)<\/li>\n\n\n\n<li>60 Teilnehmer zum Papstbesuch in K\u00f6ln<\/li>\n<\/ul>\n<\/li>\n\n\n\n<li><strong>1981<\/strong>\n<ul class=\"wp-block-list\">\n<li>Erste Tannenbaumaktion<\/li>\n\n\n\n<li>Erste Leiterschulung<\/li>\n\n\n\n<li>Papier- und Glasaktion in eigener Regie<\/li>\n\n\n\n<li>Erstes Osterfeuer<\/li>\n\n\n\n<li>Sommerlager in Knesebeck mit 55 Teilnehmer (ab jetzt immer mit W\u00f6lflingen)<\/li>\n<\/ul>\n<\/li>\n\n\n\n<li><strong>1982<\/strong>\n<ul class=\"wp-block-list\">\n<li>Sommerlager Knesebeck, ca. 55 Teilnehmer<\/li>\n\n\n\n<li>4 x Papier- und Glasaktion<\/li>\n<\/ul>\n<\/li>\n\n\n\n<li><strong>1983<\/strong>\n<ul class=\"wp-block-list\">\n<li>Tannenbaumaktion f\u00fcr \u00c4thiopien<\/li>\n\n\n\n<li>Weiterer Kellerausbau<\/li>\n\n\n\n<li>Pfingstlager \u201eSeppenradener Schweiz\u201c<\/li>\n\n\n\n<li>Beginn der Holzaktion im Zechenbusch<\/li>\n\n\n\n<li>Aktion \u201eF\u00fcr Frieden\u201c, Lichterprozession mit Gottesdienst und Fackelwanderung<\/li>\n\n\n\n<li>4 x Papier und Glasaktion<\/li>\n<\/ul>\n<\/li>\n\n\n\n<li><strong>1984<\/strong>\n<ul class=\"wp-block-list\">\n<li>Schlittenfahren in B\u00f6defeld im Februar<\/li>\n\n\n\n<li>Sommerlager in Deggendorf, 54 Teilnehmer<\/li>\n\n\n\n<li>Walds\u00e4uberung im Zechenbusch<\/li>\n\n\n\n<li>3 x Papier- und Glasaktion<\/li>\n<\/ul>\n<\/li>\n\n\n\n<li><strong>1985<\/strong>\n<ul class=\"wp-block-list\">\n<li>3 x Papier- und Glasaktion<\/li>\n\n\n\n<li>9 Waldaktionen<\/li>\n\n\n\n<li>1. Umweltpreis Stadt Selm<\/li>\n\n\n\n<li>Pfingstlager<\/li>\n\n\n\n<li>Sommerlager in Monschau mit 54 Teilnehmern<\/li>\n\n\n\n<li>Verkauf von Tannenb\u00e4umen<\/li>\n<\/ul>\n<\/li>\n\n\n\n<li><strong>1986<\/strong>\n<ul class=\"wp-block-list\">\n<li>4 x Papier \u2013 und Glasaktion<\/li>\n\n\n\n<li>Fahrt zum Freizeitpark nach Gelsenkirchen (60 Teilnehmer)<\/li>\n\n\n\n<li>Treffen mit 1. Bezirksvorsitzenden und Bezirkskurat in der Burg Botzlar<\/li>\n<\/ul>\n<\/li>\n\n\n\n<li><strong>1987<\/strong>\n<ul class=\"wp-block-list\">\n<li>Papier \u2013 und Glasaktion<\/li>\n\n\n\n<li>10 Jahre DPSG Selm St. Josef<\/li>\n\n\n\n<li>Sommerlager in Deggendorf ca. 55 Teilnehmer<\/li>\n<\/ul>\n<\/li>\n\n\n\n<li><strong>1988&nbsp;<\/strong>\n<ul class=\"wp-block-list\">\n<li>Gr\u00fcndungsvorbereitung Pfadfinder F\u00f6rderverein<\/li>\n<\/ul>\n<\/li>\n\n\n\n<li><strong>1989<\/strong>\n<ul class=\"wp-block-list\">\n<li>Gr\u00fcndung Pfadfinderf\u00f6rderverein&nbsp;(Gemeinn\u00fctzigkeit)<\/li>\n\n\n\n<li>Sommerlager Vienenburg ca. 55 Teilnehmer<\/li>\n<\/ul>\n<\/li>\n<\/ul>\n\n\n\n<ul class=\"wp-block-list\">\n<li><strong>1990<\/strong><\/li>\n\n\n\n<li>Sommerlager Knesebeck ca. 60 Teilnehmer<\/li>\n\n\n\n<li><strong>1991<\/strong>\n<ul class=\"wp-block-list\">\n<li>Stammesfahrt zum \u201eAquadrom\u201c<\/li>\n<\/ul>\n<\/li>\n\n\n\n<li><strong>1992<\/strong>\n<ul class=\"wp-block-list\">\n<li>Sommerlager Zislow ca. 60 Teilnehmer<\/li>\n\n\n\n<li>15 Jahre DPSG Selm St. Josef<\/li>\n<\/ul>\n<\/li>\n\n\n\n<li><strong>1993<\/strong>\n<ul class=\"wp-block-list\">\n<li>Pfingstlager M\u00fcnster (Flakturm)<\/li>\n\n\n\n<li>Stammesfahrt zum \u201eAquadrom\u201c<\/li>\n<\/ul>\n<\/li>\n\n\n\n<li><strong>1994<\/strong>\n<ul class=\"wp-block-list\">\n<li>Sommerlager ca. 55 Teilnehmer<\/li>\n<\/ul>\n<\/li>\n\n\n\n<li><strong>1995<\/strong>\n<ul class=\"wp-block-list\">\n<li>Truppfahrt nach Knesebeck<\/li>\n\n\n\n<li>Herbstlager Knesebeck<\/li>\n<\/ul>\n<\/li>\n\n\n\n<li><strong>1996<\/strong>\n<ul class=\"wp-block-list\">\n<li>Sommerlager Zerpenschleuse<\/li>\n\n\n\n<li>Winterlager Braunlage<\/li>\n\n\n\n<li>Herbstlager Knesebeck<\/li>\n<\/ul>\n<\/li>\n\n\n\n<li><strong>1997<\/strong>\n<ul class=\"wp-block-list\">\n<li>20 Jahre DPSG Selm St. Josef<\/li>\n\n\n\n<li>Herbstlager Knesebeck<\/li>\n<\/ul>\n<\/li>\n\n\n\n<li><strong>1998<\/strong>\n<ul class=\"wp-block-list\">\n<li>Sommerlager in Deggendorf ca. 60 Teilnehmer<\/li>\n\n\n\n<li>Herbstlager Knesebeck<\/li>\n\n\n\n<li>Gr\u00fcndung Roverrunde \u201eIltisfarbenes Frettchen\u201c<\/li>\n<\/ul>\n<\/li>\n\n\n\n<li><strong>1999<\/strong>\n<ul class=\"wp-block-list\">\n<li>Bezirksw\u00f6lflings-Lager L\u00fcdinghausen<\/li>\n\n\n\n<li>Stammesfahrt zum \u201eAquadrom\u201c<\/li>\n\n\n\n<li>Alte Materiallager aufgel\u00f6st und ein zentrales Materiallager errichtet<\/li>\n\n\n\n<li>W\u00f6lflingslager bei Westermann<\/li>\n\n\n\n<li>Herbstlager Knesebeck<\/li>\n<\/ul>\n<\/li>\n\n\n\n<li><strong>2000<\/strong>\n<ul class=\"wp-block-list\">\n<li>Stammesstafette in Selm<\/li>\n\n\n\n<li>Sommerlager Alf ca. 70 Teilnehmer<\/li>\n\n\n\n<li>Herbstlager Knesebeck<\/li>\n\n\n\n<li>Bezirkslager \u201eFeier und Flamme\u201c in L\u00fcdinghausen<\/li>\n\n\n\n<li>JOTI (Jamboree On The Internet)<\/li>\n\n\n\n<li>Erster eigener Stand auf dem Selmer Adventsmarkt<\/li>\n<\/ul>\n<\/li>\n\n\n\n<li><strong>2001<\/strong>\n<ul class=\"wp-block-list\">\n<li>Teilnahme an \u201eBig Bagger\u201c, Gestaltung des Weges zum Pfarrsaal<\/li>\n\n\n\n<li>Eurotransit, Pfadfinderaktion im \u201eFort Fun\u201c<\/li>\n\n\n\n<li>Wallbau am Jugendheim (Umgestaltung des gesamten Jugendheimvorplatzes)<\/li>\n\n\n\n<li>Herbstlager Knesebeck<\/li>\n\n\n\n<li>JOTI (Jamboree On The Internet) im Pfarrsaal<\/li>\n\n\n\n<li>www.pfadfinder-selm.de geht online<\/li>\n<\/ul>\n<\/li>\n\n\n\n<li><strong>2002<\/strong>\n<ul class=\"wp-block-list\">\n<li>25 Jahre DPSG Selm St. Josef<\/li>\n\n\n\n<li>Sommerlager Leibersdorf<\/li>\n\n\n\n<li>Herbstlager in Knesebeck<\/li>\n<\/ul>\n<\/li>\n\n\n\n<li><strong>2003<\/strong>\n<ul class=\"wp-block-list\">\n<li>Osterfeuer erstmalig bei Westermann<\/li>\n\n\n\n<li>Kulturprojekt der Roverrunde mit Thomas Ohm<\/li>\n\n\n\n<li>Bezirkslager \u201eDer Berg ruft\u201c in Haltern<\/li>\n\n\n\n<li>Stammestag mit Fahrradstafette<\/li>\n\n\n\n<li>Mitgestaltung und Stand bei dem Jugendkulturtag am B\u00fcrgerhaus<\/li>\n\n\n\n<li>Herbstlager in Knesebeck<\/li>\n<\/ul>\n<\/li>\n\n\n\n<li><strong>2004<\/strong>\n<ul class=\"wp-block-list\">\n<li>Sommerlager Sch\u00f6nsee<\/li>\n\n\n\n<li>Herbstlager in Knesebeck<\/li>\n<\/ul>\n<\/li>\n\n\n\n<li><strong>2005<\/strong>\n<ul class=\"wp-block-list\">\n<li>Stammestag&nbsp; mit \u00dcbernachtung auf dem Hof Br\u00f6er<\/li>\n\n\n\n<li>Protest gegen die K\u00fcrzung von Landesmitteln<\/li>\n\n\n\n<li>Tannenbaumaktion zugunsten der Flutopfer des Tsunamis im Indischen Ozean<\/li>\n<\/ul>\n<\/li>\n\n\n\n<li><strong>2006<\/strong>\n<ul class=\"wp-block-list\">\n<li>Sommerlager in F\u00fcramoos<\/li>\n\n\n\n<li>Kanutour mit Jugendlichen aus Workington<\/li>\n<\/ul>\n<\/li>\n\n\n\n<li><strong>2007<\/strong>\n<ul class=\"wp-block-list\">\n<li>Di\u00f6zesanlager Jump (100 Jahre Pfadfinder)<\/li>\n\n\n\n<li>30 Jahre Pfadfinder Selm &#8211; Zeltlager am Jugendheim<\/li>\n\n\n\n<li>Erstmalig Adventsbeleuchtung an der Kreisstra\u00dfe aufgehangen<\/li>\n<\/ul>\n<\/li>\n\n\n\n<li><strong>2008<\/strong>\n<ul class=\"wp-block-list\">\n<li>Neugestaltung des Eckraums im Jugendheim<\/li>\n\n\n\n<li>Helfer beim Katholiken &#8211; Tag in Osnabr\u00fcck<\/li>\n\n\n\n<li>Sommerlager in N\u00f6ggenschwiel<\/li>\n\n\n\n<li>Menschen f\u00fcr Menschen &#8211; Spenden-Radtour mit dem Stamm<\/li>\n\n\n\n<li>Fu\u00dfgruppe von 55 Personen beim Stadtjubil\u00e4um 1.150 Jahre Selm<\/li>\n\n\n\n<li>Unterst\u00fctzung des RV L\u00fctzow beim Kutschenturnier<\/li>\n\n\n\n<li>Ironscout in R\u00fcthen<\/li>\n\n\n\n<li>JOTI\/JOTA (Jamboree On The Internet\/Air) im Sunshine<\/li>\n\n\n\n<li>Weihnachtsbeleuchtung an der Kreisstra\u00dfe aufh\u00e4ngen<\/li>\n\n\n\n<li>Friedenslicht Abholung mit dem gesamten Stamm in M\u00fcnster<\/li>\n<\/ul>\n<\/li>\n\n\n\n<li><strong>2009<\/strong>\n<ul class=\"wp-block-list\">\n<li>72-Stunden-Aktion Gestaltung des Gartens vom Altenwohnheim St. Josef<\/li>\n\n\n\n<li>Stammestag in Selm mit gro\u00dfer Stafette<\/li>\n\n\n\n<li>Bezirkslager \u201eZunfttreffen\u201c in Haltern, Selm stellt K\u00fcchenteam<\/li>\n\n\n\n<li>Unterst\u00fctzung des RV L\u00fctzow beim Kutschenturnier<\/li>\n\n\n\n<li>IronScout in Gladbeck 1.Platz Selmer L\u00e4uferteam<\/li>\n\n\n\n<li>Menschen f\u00fcr Menschen &#8211; Spenden- Radtour mit dem Stamm<\/li>\n\n\n\n<li>Adventsbeleuchtung an der Kreisstra\u00dfe aufh\u00e4ngen<\/li>\n<\/ul>\n<\/li>\n\n\n\n<li><strong>2010<\/strong>\n<ul class=\"wp-block-list\">\n<li>Neuer PKW-Anh\u00e4nger gesponsert vom F\u00f6rderverein<\/li>\n\n\n\n<li>Stammesfahrt in die Eishalle<\/li>\n\n\n\n<li>Helfer beim \u00f6kumenischen Kirchentag in M\u00fcnchen<\/li>\n\n\n\n<li>St\u00e4nde aufbauen beim Fr\u00fchjahrsfest in der Selmer Altstadt<\/li>\n\n\n\n<li>W\u00f6lflings-Di\u00f6zesanlager in Geldern<\/li>\n\n\n\n<li>Lange Nacht der Jugendkultur auf dem B\u00fcrgerhausplatz (Grillstand + Helfer)<\/li>\n\n\n\n<li>Sommerlager Sch\u00f6nsee<\/li>\n\n\n\n<li>Gr\u00fcndung der W\u00f6lflingsmeute Kassiopeia<\/li>\n\n\n\n<li>Ironscout im Siegerland, 1. Platz f\u00fcr Selmer L\u00e4uferteam<\/li>\n\n\n\n<li>Erste Stammesversammlung mit Vorstandswahlen + Gr\u00fcndung eines Elternbeirates<\/li>\n\n\n\n<li>Unterst\u00fctzung des RV L\u00fctzow beim Kutschenturnier<\/li>\n\n\n\n<li>Adventsbeleuchtung an der Kreisstra\u00dfe aufh\u00e4ngen<\/li>\n<\/ul>\n<\/li>\n\n\n\n<li><strong>2011<\/strong>\n<ul class=\"wp-block-list\">\n<li>Renovierungsaktion am Jugendheim<\/li>\n\n\n\n<li>Fr\u00fchjahrsfest Marktst\u00e4nde aufbauen<\/li>\n\n\n\n<li>Stammestag mit Riesenchaosspiel und \u00dcbernachtung in St. Josef<\/li>\n\n\n\n<li>Stammesausflug zum Ketteler Hof<\/li>\n\n\n\n<li>Ironscout in Hausenstein, Platz 2 als Stationsteam<\/li>\n\n\n\n<li>Unterst\u00fctzung des RV L\u00fctzow beim Kutschenturnier<\/li>\n\n\n\n<li>Lange Nacht der Jugendkultur im Sunshine<\/li>\n\n\n\n<li>Herbstlager in Knesebeck<\/li>\n\n\n\n<li>Adventsbeleuchtung an der Kreisstra\u00dfe aufh\u00e4ngen<\/li>\n<\/ul>\n<\/li>\n\n\n\n<li><strong>2012<\/strong>\n<ul class=\"wp-block-list\">\n<li>Fahrt nach Workington zu den Harrington-Scouts<\/li>\n\n\n\n<li>Fr\u00fchlingsfest Marktst\u00e4nde aufbauen<\/li>\n\n\n\n<li>Bezirkslager 300 Pfadis Westw\u00e4rts mit 96 Pfadfindern aus Selm<\/li>\n\n\n\n<li>Sommerlager in Grenz mit ca. 70 Teilnehmern<\/li>\n\n\n\n<li>Aufbauen der \u201eLangen-Tafel\u201c f\u00fcr das Selmer Stadtfest und Stand auf dem Stadtfest<\/li>\n\n\n\n<li>\u201eMake a Change\u201c Ideenpreis erhalten f\u00fcr eine Grillh\u00fctte und einen Kletterturm<\/li>\n\n\n\n<li>Unterst\u00fctzung des RV L\u00fctzow beim Kutschenturnier<\/li>\n\n\n\n<li>IronScout in Marktredwitz, 2. Platz als Stationsteam<\/li>\n<\/ul>\n<\/li>\n\n\n\n<li><strong>2013<\/strong>\n<ul class=\"wp-block-list\">\n<li>Aktionswoche mit den Harrington-Scouts aus Workington<\/li>\n\n\n\n<li>Aufbau der \u201eLangen Tafel\u201c auf dem Selmer Stadtfest<\/li>\n\n\n\n<li>Stammesfahrt zum AquaMagis-Hallenbad in Plettenberg<\/li>\n\n\n\n<li>Ironscout in Bonn, 1. Platz Stationsteam<\/li>\n\n\n\n<li>Unterst\u00fctzung des RV L\u00fctzow beim Kutschenturnier<\/li>\n\n\n\n<li>Adventsbeleuchtung an der Kreisstra\u00dfe aufh\u00e4ngen<\/li>\n<\/ul>\n<\/li>\n\n\n\n<li><strong>2014<\/strong>\n<ul class=\"wp-block-list\">\n<li>Aufbau von Marktst\u00e4nden auf dem Selmer Fr\u00fchlingsfest<\/li>\n\n\n\n<li>Aufbau der Langen-Tafel beim Selmer Stadtfest<\/li>\n\n\n\n<li>Sommerlager in Alf mit 93 Teilnehmern<\/li>\n\n\n\n<li>Leiterausbildung \u201eback to the roots\u201c<\/li>\n\n\n\n<li>Workington St. Michael Scouts in Selm<\/li>\n\n\n\n<li>Adventsbeleuchtung an der Kreisstra\u00dfe aufh\u00e4ngen<\/li>\n\n\n\n<li>Weihnachtsbaum auf dem Kreisverkehr aufgestellt<\/li>\n<\/ul>\n<\/li>\n\n\n\n<li><strong>2015<\/strong>\n<ul class=\"wp-block-list\">\n<li>Stammestag im Ketteler Hof<\/li>\n\n\n\n<li>Zeltlager mit Harrington Scouts in Workington<\/li>\n\n\n\n<li>Ausrichtung des Ironscouts in Selm (1.000 Teilnehmer aus ganz Deutschland)<\/li>\n\n\n\n<li>Schwimmaktion mit dem SAJ in Plettenberg<\/li>\n\n\n\n<li>Ironscout in Selm<\/li>\n\n\n\n<li>Weihnachtsbaum auf dem Kreisverkehr aufgestellt<\/li>\n\n\n\n<li>Letzte Adventsfeier im Pfarrsaal<\/li>\n<\/ul>\n<\/li>\n\n\n\n<li><strong>2016<\/strong>\n<ul class=\"wp-block-list\">\n<li>Bezirkslager \u201ePfadiraten\u201c in Haltern am See (94 Teilnehmer aus Selm)<\/li>\n\n\n\n<li>Willkommensfest f\u00fcr Fl\u00fcchtlinge auf dem Selmer Stadtfest<\/li>\n\n\n\n<li>Sommerlager in Lauterecken mit 92 Teilnehmern<\/li>\n\n\n\n<li>Umzug in das neue Materiallager \u201eSchlager\u201c an der Ludgeristra\u00dfe<\/li>\n\n\n\n<li>Zapfaktion f\u00fcr das Selmer Freibad<\/li>\n\n\n\n<li>Entweihung und Abriss der Kirche von Sankt Josef<\/li>\n\n\n\n<li>Ironscout in Paderborn<\/li>\n\n\n\n<li>Apfelpfl\u00fcckaktion auf der Wiese des NABU<\/li>\n<\/ul>\n<\/li>\n\n\n\n<li><strong>2017<\/strong>\n<ul class=\"wp-block-list\">\n<li>Di\u00f6zesanlager in Wesel mit insgesamt 3500 Teilnehmern (76 aus Selm)<\/li>\n\n\n\n<li>Jubil\u00e4um 40 Jahre Pfadfinder Selm<\/li>\n<\/ul>\n<\/li>\n\n\n\n<li><strong>2018<\/strong>\n<ul class=\"wp-block-list\">\n<li>&nbsp;Sommerlager in Bosau<\/li>\n<\/ul>\n<\/li>\n\n\n\n<li><strong>2019<\/strong>\n<ul class=\"wp-block-list\">\n<li>Lager in Schottland mit den Harrington- Scouts aus Workington<\/li>\n<\/ul>\n<\/li>\n\n\n\n<li><strong>2020<\/strong>\n<ul class=\"wp-block-list\">\n<li>Online- Sippenstunden aufgrund von COVID-19<\/li>\n<\/ul>\n<\/li>\n\n\n\n<li><strong>2021<\/strong>\n<ul class=\"wp-block-list\">\n<li>Sippenlager als Sommerlager- Ersatz <\/li>\n\n\n\n<li>zwei Querfeldein-Lager f\u00fcr betroffene Kinder der Hochwasserkatastrophe im Ahrtal<\/li>\n<\/ul>\n<\/li>\n\n\n\n<li><strong>2022<\/strong>\n<ul class=\"wp-block-list\">\n<li>Sommerlager in Pegnitz<\/li>\n\n\n\n<li>erster Herbstmarkt am Findus, seitdem etablierte Jahresveranstaltung<\/li>\n\n\n\n<li>Sammeln vieler Spenden f\u00fcr ukrainische Gefl\u00fcchtete<\/li>\n\n\n\n<li>Bau und Aufstellen eines Insektenhotels vor dem Amtshaus in Bork<\/li>\n<\/ul>\n<\/li>\n\n\n\n<li><strong>2023<\/strong>\n<ul class=\"wp-block-list\">\n<li>Lager in England mit den Harrington-Scouts aus Workington<\/li>\n\n\n\n<li>Ironscout in Dortmund: Wir machen den 3.Platz bei den Stationen<\/li>\n\n\n\n<li>W\u00f6lflings-Di\u00f6zesanaktion im Kettler Hof<\/li>\n<\/ul>\n<\/li>\n\n\n\n<li><strong>2024<\/strong>\n<ul class=\"wp-block-list\">\n<li>Juffi- Di\u00f6zesanaktion im Kettler Hof<\/li>\n\n\n\n<li>Sommerlager in Tettens im Wangerland<\/li>\n<\/ul>\n<\/li>\n\n\n\n<li><strong>2025<\/strong>\n<ul class=\"wp-block-list\">\n<li>Vorsitzendenwechsel nach 6 Jahren<\/li>\n\n\n\n<li>Bezirkslager in Haltern<\/li>\n\n\n\n<li>Pfadi- Di\u00f6zesanaktion im Movie Park<\/li>\n\n\n\n<li>Ironscout in Uder: Wir machen den 6. Platz bei den Stationen<\/li>\n<\/ul>\n<\/li>\n\n\n\n<li><strong>2026<\/strong>\n<ul class=\"wp-block-list\">\n<li>Sommerlager in Alf an der Mosel <\/li>\n<\/ul>\n<\/li>\n<\/ul>\n\n\n\n<p><\/p>\n","protected":false},"excerpt":{"rendered":"","protected":false},"author":1,"featured_media":0,"parent":6,"menu_order":1,"comment_status":"closed","ping_status":"closed","template":"","meta":{"footnotes":""},"class_list":["post-60","page","type-page","status-publish","hentry"],"jetpack_shortlink":"https:\/\/wp.me\/P9OEzS-Y","jetpack_sharing_enabled":true,"_links":{"self":[{"href":"https:\/\/www.pfadfinder-selm.de\/index.php\/wp-json\/wp\/v2\/pages\/60","targetHints":{"allow":["GET"]}}],"collection":[{"href":"https:\/\/www.pfadfinder-selm.de\/index.php\/wp-json\/wp\/v2\/pages"}],"about":[{"href":"https:\/\/www.pfadfinder-selm.de\/index.php\/wp-json\/wp\/v2\/types\/page"}],"author":[{"embeddable":true,"href":"https:\/\/www.pfadfinder-selm.de\/index.php\/wp-json\/wp\/v2\/users\/1"}],"replies":[{"embeddable":true,"href":"https:\/\/www.pfadfinder-selm.de\/index.php\/wp-json\/wp\/v2\/comments?post=60"}],"version-history":[{"count":13,"href":"https:\/\/www.pfadfinder-selm.de\/index.php\/wp-json\/wp\/v2\/pages\/60\/revisions"}],"predecessor-version":[{"id":1887,"href":"https:\/\/www.pfadfinder-selm.de\/index.php\/wp-json\/wp\/v2\/pages\/60\/revisions\/1887"}],"up":[{"embeddable":true,"href":"https:\/\/www.pfadfinder-selm.de\/index.php\/wp-json\/wp\/v2\/pages\/6"}],"wp:attachment":[{"href":"https:\/\/www.pfadfinder-selm.de\/index.php\/wp-json\/wp\/v2\/media?parent=60"}],"curies":[{"name":"wp","href":"https:\/\/api.w.org\/{rel}","templated":true}]}}