{"id":6,"date":"2018-04-04T19:10:56","date_gmt":"2018-04-04T17:10:56","guid":{"rendered":"http:\/\/www.pfadfinder-selm.de\/relaunch2018\/?page_id=6"},"modified":"2025-02-16T18:44:13","modified_gmt":"2025-02-16T17:44:13","slug":"stamm-selm","status":"publish","type":"page","link":"https:\/\/www.pfadfinder-selm.de\/index.php\/stamm-selm\/","title":{"rendered":"Stamm Selm"},"content":{"rendered":"<p><strong><img data-recalc-dims=\"1\" loading=\"lazy\" decoding=\"async\" data-attachment-id=\"308\" data-permalink=\"https:\/\/www.pfadfinder-selm.de\/index.php\/stamm-selm\/stamm\/\" data-orig-file=\"https:\/\/i0.wp.com\/www.pfadfinder-selm.de\/wp-content\/uploads\/2018\/04\/Stamm.jpg?fit=1920%2C1080&amp;ssl=1\" data-orig-size=\"1920,1080\" data-comments-opened=\"1\" data-image-meta=\"{&quot;aperture&quot;:&quot;0&quot;,&quot;credit&quot;:&quot;&quot;,&quot;camera&quot;:&quot;&quot;,&quot;caption&quot;:&quot;&quot;,&quot;created_timestamp&quot;:&quot;0&quot;,&quot;copyright&quot;:&quot;&quot;,&quot;focal_length&quot;:&quot;0&quot;,&quot;iso&quot;:&quot;0&quot;,&quot;shutter_speed&quot;:&quot;0&quot;,&quot;title&quot;:&quot;&quot;,&quot;orientation&quot;:&quot;0&quot;}\" data-image-title=\"Stamm\" data-image-description=\"\" data-image-caption=\"\" data-large-file=\"https:\/\/i0.wp.com\/www.pfadfinder-selm.de\/wp-content\/uploads\/2018\/04\/Stamm.jpg?fit=1024%2C576&amp;ssl=1\" class=\"aligncenter size-large wp-image-308\" src=\"https:\/\/i0.wp.com\/www.pfadfinder-selm.de\/wp-content\/uploads\/2018\/04\/Stamm.jpg?resize=1024%2C576&#038;ssl=1\" alt=\"\" width=\"1024\" height=\"576\" \/>Wer sind eigentlich die Selmer Pfadfinder?<\/strong><\/p>\n<p>Fragst du verschiedene Pfadfinder dar\u00fcber aus, was Pfadfinder eigentlich so machen,<br \/>\nso bekommt man unterschiedlichste Antworten und Meinungen,<br \/>\ndie nicht immer ein einheitliches Bild ergeben m\u00fcssen.<br \/>\nDies liegt daran, dass jeder seine eigenen Erfahrungen in verschiedenen Lebensphasen bei den Pfadfindern gesammelt hat.<br \/>\nDie Aktivit\u00e4ten wechseln und sind davon abh\u00e4ngig, auf was die Kinder und Jugendlichen Lust haben.<br \/>\nPfadfinder lassen sich also nicht \u00fcber ihre Aktivit\u00e4ten von anderen Jugendgruppen unterscheiden.<\/p>\n<p>Am besten kann man sich dem Ph\u00e4nomen Pfadfinder n\u00e4hern,<br \/>\nin dem man das Ziel des Pfadfindens beschreibt.<br \/>\nDer Weltpfadfinderbund gibt hierf\u00fcr einen Ansatz.<br \/>\nZiel der Pfadfinderbewegung ist es, \u201ezur Entwicklung junger Menschen beizutragen,<br \/>\ndamit sie ihre vollen k\u00f6rperlichen, intellektuellen, sozialen und geistigen F\u00e4higkeiten als Pers\u00f6nlichkeiten,<br \/>\nals verantwortungsbewusste B\u00fcrger und als Mitglieder ihrer \u00f6rtlichen, nationalen und internationalen Gemeinschaft einsetzen k\u00f6nnen.\u201c<br \/>\nDie Pfadfinder sind also eine klassische Erziehungsbewegung, auch wenn unsere Kinder und Jugendlichen dies nie so nennen w\u00fcrden.<br \/>\nMachen wir unsere Arbeit also gut, so haben wir nie einen Leitermangel.<br \/>\nDies w\u00e4re sicherlich zu einfach und zu kurz gedacht.<br \/>\nDie gr\u00f6\u00dfte Herausforderung f\u00fcr eine Pfadfindergruppe ist und bleibt es,<br \/>\njunge Erwachsene f\u00fcr die zeitintensive Jugendarbeit mit Herzblut zu begeistern.<br \/>\nDies gelingt uns mal gut, mal eher schlecht aber dennoch auf einem Niveau,<br \/>\ndass wir die letzten 45 Jahre erfolgreich gestalten konnten.<br \/>\nOhne das Engagement unserer Leiter, w\u00e4re das Pfadfinden nicht m\u00f6glich.<\/p>\n<p>Derzeit haben wir fast 30 aktive Leiter die die Geschicke der fast 200 Pfadfinder lenken.<br \/>\nHinzu kommen die ca. 90 f\u00f6rdernden Mitglieder.<\/p>\n","protected":false},"excerpt":{"rendered":"<p>Wer sind eigentlich die Selmer Pfadfinder? Fragst du verschiedene Pfadfinder dar\u00fcber aus, was Pfadfinder eigentlich so machen, so bekommt man unterschiedlichste Antworten und Meinungen, die<span class=\"read-more-link\"><a class=\"read-more\" href=\"https:\/\/www.pfadfinder-selm.de\/index.php\/stamm-selm\/\">Read More<\/a><\/span><\/p>\n","protected":false},"author":1,"featured_media":0,"parent":0,"menu_order":0,"comment_status":"closed","ping_status":"closed","template":"","meta":{"footnotes":""},"class_list":["post-6","page","type-page","status-publish","hentry"],"jetpack_shortlink":"https:\/\/wp.me\/P9OEzS-6","jetpack_sharing_enabled":true,"_links":{"self":[{"href":"https:\/\/www.pfadfinder-selm.de\/index.php\/wp-json\/wp\/v2\/pages\/6","targetHints":{"allow":["GET"]}}],"collection":[{"href":"https:\/\/www.pfadfinder-selm.de\/index.php\/wp-json\/wp\/v2\/pages"}],"about":[{"href":"https:\/\/www.pfadfinder-selm.de\/index.php\/wp-json\/wp\/v2\/types\/page"}],"author":[{"embeddable":true,"href":"https:\/\/www.pfadfinder-selm.de\/index.php\/wp-json\/wp\/v2\/users\/1"}],"replies":[{"embeddable":true,"href":"https:\/\/www.pfadfinder-selm.de\/index.php\/wp-json\/wp\/v2\/comments?post=6"}],"version-history":[{"count":4,"href":"https:\/\/www.pfadfinder-selm.de\/index.php\/wp-json\/wp\/v2\/pages\/6\/revisions"}],"predecessor-version":[{"id":1759,"href":"https:\/\/www.pfadfinder-selm.de\/index.php\/wp-json\/wp\/v2\/pages\/6\/revisions\/1759"}],"wp:attachment":[{"href":"https:\/\/www.pfadfinder-selm.de\/index.php\/wp-json\/wp\/v2\/media?parent=6"}],"curies":[{"name":"wp","href":"https:\/\/api.w.org\/{rel}","templated":true}]}}