{"id":391,"date":"2018-04-17T21:06:18","date_gmt":"2018-04-17T19:06:18","guid":{"rendered":"https:\/\/www.pfadfinder-selm.de\/?page_id=391"},"modified":"2024-04-23T22:04:41","modified_gmt":"2024-04-23T20:04:41","slug":"ueber-pfadfinder","status":"publish","type":"page","link":"https:\/\/www.pfadfinder-selm.de\/index.php\/ueber-pfadfinder\/","title":{"rendered":"\u00dcber Pfadfinder"},"content":{"rendered":"<p><img data-recalc-dims=\"1\" loading=\"lazy\" decoding=\"async\" data-attachment-id=\"532\" data-permalink=\"https:\/\/www.pfadfinder-selm.de\/index.php\/ueber-pfadfinder\/weg2\/\" data-orig-file=\"https:\/\/i0.wp.com\/www.pfadfinder-selm.de\/wp-content\/uploads\/2018\/04\/Weg2.jpg?fit=5760%2C2742&amp;ssl=1\" data-orig-size=\"5760,2742\" data-comments-opened=\"1\" data-image-meta=\"{&quot;aperture&quot;:&quot;3.5&quot;,&quot;credit&quot;:&quot;&quot;,&quot;camera&quot;:&quot;Canon EOS 5D Mark III&quot;,&quot;caption&quot;:&quot;&quot;,&quot;created_timestamp&quot;:&quot;1476719444&quot;,&quot;copyright&quot;:&quot;&quot;,&quot;focal_length&quot;:&quot;200&quot;,&quot;iso&quot;:&quot;250&quot;,&quot;shutter_speed&quot;:&quot;0.002&quot;,&quot;title&quot;:&quot;&quot;,&quot;orientation&quot;:&quot;1&quot;}\" data-image-title=\"Weg2\" data-image-description=\"\" data-image-caption=\"\" data-large-file=\"https:\/\/i0.wp.com\/www.pfadfinder-selm.de\/wp-content\/uploads\/2018\/04\/Weg2.jpg?fit=1024%2C487&amp;ssl=1\" class=\"aligncenter wp-image-532 size-full\" src=\"https:\/\/i0.wp.com\/www.pfadfinder-selm.de\/wp-content\/uploads\/2018\/04\/Weg2.jpg?resize=1160%2C552&#038;ssl=1\" alt=\"\" width=\"1160\" height=\"552\" \/><span style=\"font-size: 18pt;\"><strong>Mehr als ein Abenteuer<\/strong><\/span><br \/>\nPfadfinden bei der Deutschen Pfadfinderschaft Sankt Georg (DPSG) bietet Kindern und Jugendlichen mehr als ein Abenteuer. Es bietet ganz viele Abenteuer:<\/p>\n<ul>\n<li>mit Freundinnen und Freunden Spa\u00df haben,<\/li>\n<li>in der Natur unterwegs sein,<\/li>\n<li>Neues entdecken und ausprobieren,<\/li>\n<li>gemeinsam in der Gruppe das eigene Umfeld gestalten.<\/li>\n<\/ul>\n<p>Pfadfinden ist aber immer auch ein pers\u00f6nliches Abenteuer. Denn es geht auch um den Einzelnen, um die ganz individuellen St\u00e4rken, die jede und jeder mitbringt. Und schlie\u00dflich sind wir auch im Glauben unterwegs.<\/p>\n<p>Unser Verst\u00e4ndnis f\u00fcr die Welt beruht auf den Grunds\u00e4tzen des christlichen Glaubens. Selbstverst\u00e4ndlich \u00fcbernehmen Pfadfinderinnen und Pfadfinder auch Verantwortung f\u00fcr die Natur und setzen sich f\u00fcr die Umwelt ein. Alles in allem macht Pfadfinden Kinder und Jugendliche zu starken und selbstst\u00e4ndigen Pers\u00f6nlichkeiten und bietet ihnen Erlebnisse und Erfahrungen, die wertvoll f\u00fcr ihr weiteres Leben sind.<\/p>\n<p>&nbsp;<\/p>\n<p><span style=\"font-size: 18pt;\"><strong>DPSG in der Gesellschaft<\/strong><\/span><br \/>\nPfadfinden ermutigt Kinder und Jugendliche dazu, Verantwortung f\u00fcr sich, ihre Mitmenschen und ihre Umwelt zu \u00fcbernehmen. Schritt f\u00fcr Schritt erlernen sie politisches Verhalten durch aktive Mitbestimmung. Pfadfinder sind offen gegen\u00fcber allen Menschen. Fester Bestandteil der DPSG ist seit mehr als 50 Jahren das gemeinsame Pfadfinden mit und das Einsetzten f\u00fcr Menschen mit Behinderung. Ebenso setzen sich die Pfadfinderinnen und Pfadfinder f\u00fcr ihre Umwelt ein. In den Gruppenstunden und in den Zeltlagern, im Leben drau\u00dfen lernen sie ihre Natur zu bewahren und Verantwortung f\u00fcr ihre Umwelt zu \u00fcbernehmen.<\/p>\n<p>\u00dcber die Grenzen hinaus setzen sich die Pfadfinderinnen und Pfadfinder f\u00fcr internationale Gerechtigkeit ein. Ziel ist es, Kinder- und Jugendliche f\u00fcr den Einsatz f\u00fcr eine gerechte Welt fit zu machen. Dies zeigt sich besonders lebendig in den verschiedenen Partnerschaften, die die DPSG beispielsweise mit Pfadfinderinnen und Pfadfindern anderer Verb\u00e4nde weltweit pflegt. Ob in der Gruppenstunde, im Stamm, innerhalb des Verbandes oder \u00fcber dessen Grenzen hinaus, unsere Mitglieder gestalten ihre und unsere Zukunft mit. Auf Bundesebene setzen wir uns in der politischen Jugendarbeit an vielen Stellen f\u00fcr die Kinder und Jugendlichen, nicht nur im Verband, sondern in der Gesellschaft ein.<\/p>\n<p>&nbsp;<\/p>\n<p><span style=\"font-size: 18pt;\"><strong>Friedenspfadfinder<\/strong><\/span><br \/>\nAls Pfadfinderinnen und Pfadfinder haben wir Freundinnen und Freunde auf der ganzen Welt. Als Mitglied der Weltpfadfinderschaft, der World Organisation of the Scout Movement (WOSM), setzt sich die DPSG f\u00fcr internationale Freundschaft und Solidarit\u00e4t, Partnerschaft und Zusammenarbeit und der Mitgestaltung des Friedens ein. Das beginnt schon in der allt\u00e4glichen Gruppenarbeit. Zum Pfadfinden in der DPSG sind Kinder und Jugendliche mit unterschiedlicher Herkunft und kulturellem Hintergrund eingeladen. Die kulturelle Vielfalt ist eine Bereicherung im Leben der Kinder und Jugendlichen.<\/p>\n<p>Eine besondere Chance bietet dabei die internationale Begegnung. Wenn die Kinder und Jugendlichen zusammen mit Pfandfinderinnen und Pfadfindern aus einem anderen Land ein gemeinsames Lager erleben oder ein Projekt verwirklichen, voneinander lernen und den Frieden mitgestalten, st\u00e4rkt das die internationale Gemeinschaft.<\/p>\n<p>&nbsp;<\/p>\n<p><span style=\"font-size: 18pt;\"><strong>Pfadfinden in Deutschland<\/strong><\/span><br \/>\nDie DPSG ist Mitglied im Ring deutscher Pfadfinderverb\u00e4nde (RdP). Dieser vertritt gemeinsam mit dem Ring deutscher Pfadfinderinnenverb\u00e4nde (RDP) die gemeinsamen Interessen ihrer Mitgliedsverb\u00e4nde sowohl in der Politik als auch in der Weltpfadfinderbewegung. Die Zusammenarbeit der Verb\u00e4nde zeigt sich auch in gemeinsamen Aktionen.<\/p>\n<p>So organisieren die Ringe die gemeinsamen Fahrten auf internationale Veranstaltungen, wie dem World Scout Jamboree (Weltpfadfindertreffen), und begehen jedes Jahr am 22. Februar den Thinking Day. Eine der wichtigsten Veranstaltungen ist das Friedenslicht am 3. Advent jeden Jahres. Hier setzten die Verb\u00e4nde ein gemeinsames Zeichen f\u00fcr den Frieden in Gemeinden, St\u00e4dten und Beh\u00f6rden durch die Weitergabe des Friedenslichts aus Bethlehem.<\/p>\n<p>&nbsp;<\/p>\n<p>Weitere Informationen \u00fcber die DPSG findet ihr <a href=\"https:\/\/dpsg.de\/de\/startseite.html\" target=\"_blank\" rel=\"noopener\"><strong>HIER<\/strong><\/a><\/p>\n","protected":false},"excerpt":{"rendered":"<p>Mehr als ein Abenteuer Pfadfinden bei der Deutschen Pfadfinderschaft Sankt Georg (DPSG) bietet Kindern und Jugendlichen mehr als ein Abenteuer. Es bietet ganz viele Abenteuer:<span class=\"read-more-link\"><a class=\"read-more\" href=\"https:\/\/www.pfadfinder-selm.de\/index.php\/ueber-pfadfinder\/\">Read More<\/a><\/span><\/p>\n","protected":false},"author":1,"featured_media":0,"parent":0,"menu_order":3,"comment_status":"closed","ping_status":"closed","template":"","meta":{"footnotes":""},"class_list":["post-391","page","type-page","status-publish","hentry"],"jetpack_shortlink":"https:\/\/wp.me\/P9OEzS-6j","jetpack_sharing_enabled":false,"_links":{"self":[{"href":"https:\/\/www.pfadfinder-selm.de\/index.php\/wp-json\/wp\/v2\/pages\/391","targetHints":{"allow":["GET"]}}],"collection":[{"href":"https:\/\/www.pfadfinder-selm.de\/index.php\/wp-json\/wp\/v2\/pages"}],"about":[{"href":"https:\/\/www.pfadfinder-selm.de\/index.php\/wp-json\/wp\/v2\/types\/page"}],"author":[{"embeddable":true,"href":"https:\/\/www.pfadfinder-selm.de\/index.php\/wp-json\/wp\/v2\/users\/1"}],"replies":[{"embeddable":true,"href":"https:\/\/www.pfadfinder-selm.de\/index.php\/wp-json\/wp\/v2\/comments?post=391"}],"version-history":[{"count":8,"href":"https:\/\/www.pfadfinder-selm.de\/index.php\/wp-json\/wp\/v2\/pages\/391\/revisions"}],"predecessor-version":[{"id":535,"href":"https:\/\/www.pfadfinder-selm.de\/index.php\/wp-json\/wp\/v2\/pages\/391\/revisions\/535"}],"wp:attachment":[{"href":"https:\/\/www.pfadfinder-selm.de\/index.php\/wp-json\/wp\/v2\/media?parent=391"}],"curies":[{"name":"wp","href":"https:\/\/api.w.org\/{rel}","templated":true}]}}