{"id":23,"date":"2018-04-04T19:28:27","date_gmt":"2018-04-04T17:28:27","guid":{"rendered":"http:\/\/www.pfadfinder-selm.de\/relaunch2018\/?page_id=23"},"modified":"2026-01-14T16:20:25","modified_gmt":"2026-01-14T15:20:25","slug":"geparden","status":"publish","type":"page","link":"https:\/\/www.pfadfinder-selm.de\/index.php\/stamm-selm\/gruppen\/geparden\/","title":{"rendered":"Geparden"},"content":{"rendered":"\n<p>Hey, sch\u00f6n, dass du uns gefunden hast!<\/p>\n\n\n\n<div class=\"wp-block-media-text is-stacked-on-mobile is-style-rectangular\"><figure class=\"wp-block-media-text__media\"><img data-recalc-dims=\"1\" loading=\"lazy\" decoding=\"async\" width=\"150\" height=\"150\" data-attachment-id=\"376\" data-permalink=\"https:\/\/www.pfadfinder-selm.de\/index.php\/stamm-selm\/die-leiterrunde\/meuterei2008-ohne\/\" data-orig-file=\"https:\/\/i0.wp.com\/www.pfadfinder-selm.de\/wp-content\/uploads\/2018\/04\/woelfi.jpg?fit=1181%2C1175&amp;ssl=1\" data-orig-size=\"1181,1175\" data-comments-opened=\"1\" data-image-meta=\"{&quot;aperture&quot;:&quot;0&quot;,&quot;credit&quot;:&quot;&quot;,&quot;camera&quot;:&quot;&quot;,&quot;caption&quot;:&quot;&quot;,&quot;created_timestamp&quot;:&quot;0&quot;,&quot;copyright&quot;:&quot;&quot;,&quot;focal_length&quot;:&quot;0&quot;,&quot;iso&quot;:&quot;0&quot;,&quot;shutter_speed&quot;:&quot;0&quot;,&quot;title&quot;:&quot;MEUTErei2008 ohne&quot;,&quot;orientation&quot;:&quot;1&quot;}\" data-image-title=\"MEUTErei2008 ohne\" data-image-description=\"\" data-image-caption=\"\" data-large-file=\"https:\/\/i0.wp.com\/www.pfadfinder-selm.de\/wp-content\/uploads\/2018\/04\/woelfi.jpg?fit=1024%2C1019&amp;ssl=1\" src=\"https:\/\/i0.wp.com\/www.pfadfinder-selm.de\/wp-content\/uploads\/2018\/04\/woelfi.jpg?resize=150%2C150&#038;ssl=1\" alt=\"\" class=\"wp-image-376 size-full\"\/><\/figure><div class=\"wp-block-media-text__content\">\n<p>Wer sind wir? Wir sind eine Gruppe von Jungen und M\u00e4dchen die zwischen den 01.10.2014 \u2013 30.09.2015 geboren sind. Unsere Meute besteht aus den Geparden, die es schon seit dem Jahr 2023 gibt und einer Sippe die bisher noch keinen Namen hat. Geleitet werden wir von Aaron, Lina, Maja, Magnus, Johanna, Julius, Timo und Felix. Gemeinsam treffen wir uns einmal die Woche.<\/p>\n\n\n\n<p>Wann? Jeden Donnerstag von 17Uhr bis 18:30Uhr.\u00a0\u00a0<\/p>\n\n\n\n<p>Wo? Am FindUs in Selm.<\/p>\n<\/div><\/div>\n\n\n\n<p>In unseren Sippenstunden spielen wir am liebsten Fangspiele. Wir unternehmen aber noch so vieles mehr! Ob K\u00fcrbisse schnitzen an Halloween, Marshmallows und Stockbrot \u00fcber dem Lagerfeuer oder das Spiel Werw\u00f6lfe, all das darf bei uns nicht fehlen. Einige von uns waren auch schon mit in Zeltlagern, wie dem Sommerlager oder dem Bezirkslager, in dem man ganz viele Pfadfinder aus dem Stamm und der Umgebung kennenlernen kann.<\/p>\n\n\n\n<p><strong>Du hast Interesse an der Pfadfinderei?<\/strong><br>Unter dem Reiter Warteliste auf der Homepage kannst du dich auf die Warteliste eintragen lassen und ein Leiter wird sich mit dir in Verbindung setzen, sobald Kapazit\u00e4ten in der entsprechenden Sippe verf\u00fcgbar sind.<\/p>\n\n\n\n<p><\/p>\n","protected":false},"excerpt":{"rendered":"<p>Hey, sch\u00f6n, dass du uns gefunden hast! Wer sind wir? Wir sind eine Gruppe von Jungen und M\u00e4dchen die zwischen den 01.10.2014 \u2013 30.09.2015 geboren<span class=\"read-more-link\"><a class=\"read-more\" href=\"https:\/\/www.pfadfinder-selm.de\/index.php\/stamm-selm\/gruppen\/geparden\/\">Read More<\/a><\/span><\/p>\n","protected":false},"author":1,"featured_media":0,"parent":8,"menu_order":2,"comment_status":"closed","ping_status":"closed","template":"","meta":{"footnotes":""},"class_list":["post-23","page","type-page","status-publish","hentry"],"jetpack_shortlink":"https:\/\/wp.me\/P9OEzS-n","jetpack_sharing_enabled":false,"_links":{"self":[{"href":"https:\/\/www.pfadfinder-selm.de\/index.php\/wp-json\/wp\/v2\/pages\/23","targetHints":{"allow":["GET"]}}],"collection":[{"href":"https:\/\/www.pfadfinder-selm.de\/index.php\/wp-json\/wp\/v2\/pages"}],"about":[{"href":"https:\/\/www.pfadfinder-selm.de\/index.php\/wp-json\/wp\/v2\/types\/page"}],"author":[{"embeddable":true,"href":"https:\/\/www.pfadfinder-selm.de\/index.php\/wp-json\/wp\/v2\/users\/1"}],"replies":[{"embeddable":true,"href":"https:\/\/www.pfadfinder-selm.de\/index.php\/wp-json\/wp\/v2\/comments?post=23"}],"version-history":[{"count":22,"href":"https:\/\/www.pfadfinder-selm.de\/index.php\/wp-json\/wp\/v2\/pages\/23\/revisions"}],"predecessor-version":[{"id":1896,"href":"https:\/\/www.pfadfinder-selm.de\/index.php\/wp-json\/wp\/v2\/pages\/23\/revisions\/1896"}],"up":[{"embeddable":true,"href":"https:\/\/www.pfadfinder-selm.de\/index.php\/wp-json\/wp\/v2\/pages\/8"}],"wp:attachment":[{"href":"https:\/\/www.pfadfinder-selm.de\/index.php\/wp-json\/wp\/v2\/media?parent=23"}],"curies":[{"name":"wp","href":"https:\/\/api.w.org\/{rel}","templated":true}]}}