{"id":1656,"date":"2024-04-29T21:25:27","date_gmt":"2024-04-29T19:25:27","guid":{"rendered":"https:\/\/www.pfadfinder-selm.de\/?page_id=1656"},"modified":"2026-01-11T18:06:30","modified_gmt":"2026-01-11T17:06:30","slug":"roverrunde-hecht","status":"publish","type":"page","link":"https:\/\/www.pfadfinder-selm.de\/index.php\/stamm-selm\/gruppen\/roverrunde-hecht\/","title":{"rendered":"Roverrunde Hecht"},"content":{"rendered":"\n<p>Blubb, Blubb. Wir sind die Hechte.<\/p>\n\n\n\n<div class=\"wp-block-media-text is-stacked-on-mobile\"><figure class=\"wp-block-media-text__media\"><img data-recalc-dims=\"1\" loading=\"lazy\" decoding=\"async\" width=\"300\" height=\"59\" data-attachment-id=\"378\" data-permalink=\"https:\/\/www.pfadfinder-selm.de\/index.php\/stamm-selm\/die-leiterrunde\/rover\/\" data-orig-file=\"https:\/\/i0.wp.com\/www.pfadfinder-selm.de\/wp-content\/uploads\/2018\/04\/rover.jpg?fit=1019%2C200&amp;ssl=1\" data-orig-size=\"1019,200\" data-comments-opened=\"1\" data-image-meta=\"{&quot;aperture&quot;:&quot;0&quot;,&quot;credit&quot;:&quot;&quot;,&quot;camera&quot;:&quot;&quot;,&quot;caption&quot;:&quot;&quot;,&quot;created_timestamp&quot;:&quot;0&quot;,&quot;copyright&quot;:&quot;&quot;,&quot;focal_length&quot;:&quot;0&quot;,&quot;iso&quot;:&quot;0&quot;,&quot;shutter_speed&quot;:&quot;0&quot;,&quot;title&quot;:&quot;&quot;,&quot;orientation&quot;:&quot;1&quot;}\" data-image-title=\"rover\" data-image-description=\"\" data-image-caption=\"\" data-large-file=\"https:\/\/i0.wp.com\/www.pfadfinder-selm.de\/wp-content\/uploads\/2018\/04\/rover.jpg?fit=1019%2C200&amp;ssl=1\" src=\"https:\/\/i0.wp.com\/www.pfadfinder-selm.de\/wp-content\/uploads\/2018\/04\/rover.jpg?resize=300%2C59&#038;ssl=1\" alt=\"\" class=\"wp-image-378 size-full\"\/><\/figure><div class=\"wp-block-media-text__content\">\n<p>Wir sind 15 junge Erwachsene, die zwischen 17 und 19 Jahren alt sind. Gemeinsam mit unseren Roverbegleitern Dominik Rinschede und Eve Siemerling treffen wir uns donnerstags um 19:30 Uhr im FindUs in Selm.<\/p>\n<\/div><\/div>\n\n\n\n<p>Wir setzen uns zusammen aus den ehemaligen Sippen Kojoten und Koalas. Wir sind seit Herbst 2023 eine Roverrunde.<\/p>\n\n\n\n<p>In unseren Roverrunden sitzen wir gerne zusammen, essen etwas, spielen Gesellschaftsspiele oder tauschen uns \u00fcber alles m\u00f6gliche aus. Wir planen Aktionen, die wir gemeinsam als Roverrunde unternehmen. <br>Unser n\u00e4chstes Projekt ist es, den Stammestag f\u00fcr den ganzen Stamm im M\u00e4rz 2026 zu planen. <br>Wir nehmen gerne an allen Bezirks- und Stammesaktionen teil und unterst\u00fctzen die Leiterrunde bei Aktionen.<\/p>\n\n\n\n<p><strong>Du hast Interesse an der Pfadfinderei?<\/strong><br>Es ist nie zu sp\u00e4t ein Teil unserer Gruppe zu werden, auch als Rover kann man noch einsteigen. Unter dem Reiter Warteliste auf der Homepage kannst du dich auf die Warteliste eintragen und ein Leiter wird sich mit dir in Verbindung setzen.<\/p>\n\n\n\n<p><strong>Honorable mentions:<\/strong><\/p>\n\n\n\n<p>Roverrunde Iltisfarbene Frettchen<br>Roverrunde Feuersalamander<br>Roverrunde Vlamingo<br>Roverrunde Gummib\u00e4ren<br>Roverrunde Affenbande<br>Roverrunde Mantarochen<\/p>\n\n\n\n<p><\/p>\n\n\n\n<p><\/p>\n","protected":false},"excerpt":{"rendered":"<p>Blubb, Blubb. Wir sind die Hechte. Wir sind 15 junge Erwachsene, die zwischen 17 und 19 Jahren alt sind. Gemeinsam mit unseren Roverbegleitern Dominik Rinschede<span class=\"read-more-link\"><a class=\"read-more\" href=\"https:\/\/www.pfadfinder-selm.de\/index.php\/stamm-selm\/gruppen\/roverrunde-hecht\/\">Read More<\/a><\/span><\/p>\n","protected":false},"author":3,"featured_media":0,"parent":8,"menu_order":7,"comment_status":"closed","ping_status":"closed","template":"","meta":{"footnotes":""},"class_list":["post-1656","page","type-page","status-publish","hentry"],"jetpack_shortlink":"https:\/\/wp.me\/P9OEzS-qI","jetpack_sharing_enabled":true,"_links":{"self":[{"href":"https:\/\/www.pfadfinder-selm.de\/index.php\/wp-json\/wp\/v2\/pages\/1656","targetHints":{"allow":["GET"]}}],"collection":[{"href":"https:\/\/www.pfadfinder-selm.de\/index.php\/wp-json\/wp\/v2\/pages"}],"about":[{"href":"https:\/\/www.pfadfinder-selm.de\/index.php\/wp-json\/wp\/v2\/types\/page"}],"author":[{"embeddable":true,"href":"https:\/\/www.pfadfinder-selm.de\/index.php\/wp-json\/wp\/v2\/users\/3"}],"replies":[{"embeddable":true,"href":"https:\/\/www.pfadfinder-selm.de\/index.php\/wp-json\/wp\/v2\/comments?post=1656"}],"version-history":[{"count":8,"href":"https:\/\/www.pfadfinder-selm.de\/index.php\/wp-json\/wp\/v2\/pages\/1656\/revisions"}],"predecessor-version":[{"id":1880,"href":"https:\/\/www.pfadfinder-selm.de\/index.php\/wp-json\/wp\/v2\/pages\/1656\/revisions\/1880"}],"up":[{"embeddable":true,"href":"https:\/\/www.pfadfinder-selm.de\/index.php\/wp-json\/wp\/v2\/pages\/8"}],"wp:attachment":[{"href":"https:\/\/www.pfadfinder-selm.de\/index.php\/wp-json\/wp\/v2\/media?parent=1656"}],"curies":[{"name":"wp","href":"https:\/\/api.w.org\/{rel}","templated":true}]}}