{"id":1586,"date":"2022-10-20T20:46:24","date_gmt":"2022-10-20T18:46:24","guid":{"rendered":"https:\/\/www.pfadfinder-selm.de\/?page_id=1586"},"modified":"2026-01-11T18:06:03","modified_gmt":"2026-01-11T17:06:03","slug":"faultiere-und-loewen","status":"publish","type":"page","link":"https:\/\/www.pfadfinder-selm.de\/index.php\/stamm-selm\/gruppen\/faultiere-und-loewen\/","title":{"rendered":"Faultiere &#038; L\u00f6wen"},"content":{"rendered":"\n<div class=\"wp-block-media-text is-stacked-on-mobile\"><figure class=\"wp-block-media-text__media\"><img data-recalc-dims=\"1\" loading=\"lazy\" decoding=\"async\" width=\"180\" height=\"300\" data-attachment-id=\"375\" data-permalink=\"https:\/\/www.pfadfinder-selm.de\/index.php\/stamm-selm\/die-leiterrunde\/kobold\/\" data-orig-file=\"https:\/\/i0.wp.com\/www.pfadfinder-selm.de\/wp-content\/uploads\/2018\/04\/Kobold-e1523990189781.jpg?fit=90%2C150&amp;ssl=1\" data-orig-size=\"90,150\" data-comments-opened=\"1\" data-image-meta=\"{&quot;aperture&quot;:&quot;0&quot;,&quot;credit&quot;:&quot;&quot;,&quot;camera&quot;:&quot;&quot;,&quot;caption&quot;:&quot;&quot;,&quot;created_timestamp&quot;:&quot;0&quot;,&quot;copyright&quot;:&quot;&quot;,&quot;focal_length&quot;:&quot;0&quot;,&quot;iso&quot;:&quot;0&quot;,&quot;shutter_speed&quot;:&quot;0&quot;,&quot;title&quot;:&quot;&quot;,&quot;orientation&quot;:&quot;1&quot;}\" data-image-title=\"Kobold\" data-image-description=\"\" data-image-caption=\"\" data-large-file=\"https:\/\/i0.wp.com\/www.pfadfinder-selm.de\/wp-content\/uploads\/2018\/04\/Kobold-e1523990189781.jpg?fit=615%2C1024&amp;ssl=1\" src=\"https:\/\/i0.wp.com\/www.pfadfinder-selm.de\/wp-content\/uploads\/2018\/04\/Kobold.jpg?resize=180%2C300&#038;ssl=1\" alt=\"\" class=\"wp-image-375 size-full\"\/><\/figure><div class=\"wp-block-media-text__content\">\n<p>Wir sind die Pfadfindergruppe Fl\u00f6wen und wir unternehmen gerne etwas drau\u00dfen, sollte es drau\u00dfen zu kalt sein oder regnen, kochen wir gerne leckeres Essen, oder spielen z.B. Werw\u00f6lfe. Falls ihr Interesse habt, unsere Sippenstunde ist Montags von 17:45 bis 19:15 und wir sind in den Jahren 2011-2013 geboren.<\/p>\n<\/div><\/div>\n\n\n\n<p><br><strong>Du hast Interesse an der Pfadfinderei?<\/strong><br>Unter dem Reiter Warteliste auf der Homepage kannst du dich auf die Warteliste setzen lassen und ein Leiter wird sich mit dir in Verbindung setzen, sobald Kapazit\u00e4ten in der entsprechenden Sippe verf\u00fcgbar sind.<\/p>\n","protected":false},"excerpt":{"rendered":"<p>Wir sind die Pfadfindergruppe Fl\u00f6wen und wir unternehmen gerne etwas drau\u00dfen, sollte es drau\u00dfen zu kalt sein oder regnen, kochen wir gerne leckeres Essen, oder<span class=\"read-more-link\"><a class=\"read-more\" href=\"https:\/\/www.pfadfinder-selm.de\/index.php\/stamm-selm\/gruppen\/faultiere-und-loewen\/\">Read More<\/a><\/span><\/p>\n","protected":false},"author":3,"featured_media":0,"parent":8,"menu_order":4,"comment_status":"closed","ping_status":"closed","template":"","meta":{"footnotes":""},"class_list":["post-1586","page","type-page","status-publish","hentry"],"jetpack_shortlink":"https:\/\/wp.me\/P9OEzS-pA","jetpack_sharing_enabled":true,"_links":{"self":[{"href":"https:\/\/www.pfadfinder-selm.de\/index.php\/wp-json\/wp\/v2\/pages\/1586","targetHints":{"allow":["GET"]}}],"collection":[{"href":"https:\/\/www.pfadfinder-selm.de\/index.php\/wp-json\/wp\/v2\/pages"}],"about":[{"href":"https:\/\/www.pfadfinder-selm.de\/index.php\/wp-json\/wp\/v2\/types\/page"}],"author":[{"embeddable":true,"href":"https:\/\/www.pfadfinder-selm.de\/index.php\/wp-json\/wp\/v2\/users\/3"}],"replies":[{"embeddable":true,"href":"https:\/\/www.pfadfinder-selm.de\/index.php\/wp-json\/wp\/v2\/comments?post=1586"}],"version-history":[{"count":11,"href":"https:\/\/www.pfadfinder-selm.de\/index.php\/wp-json\/wp\/v2\/pages\/1586\/revisions"}],"predecessor-version":[{"id":1882,"href":"https:\/\/www.pfadfinder-selm.de\/index.php\/wp-json\/wp\/v2\/pages\/1586\/revisions\/1882"}],"up":[{"embeddable":true,"href":"https:\/\/www.pfadfinder-selm.de\/index.php\/wp-json\/wp\/v2\/pages\/8"}],"wp:attachment":[{"href":"https:\/\/www.pfadfinder-selm.de\/index.php\/wp-json\/wp\/v2\/media?parent=1586"}],"curies":[{"name":"wp","href":"https:\/\/api.w.org\/{rel}","templated":true}]}}